{"id":8235,"date":"2016-09-22T15:55:26","date_gmt":"2016-09-22T13:55:26","guid":{"rendered":"http:\/\/psionic-storm.com\/?page_id=8235"},"modified":"2019-04-29T01:36:39","modified_gmt":"2019-04-28T23:36:39","slug":"hero-releases","status":"publish","type":"page","link":"https:\/\/psionic-storm.com\/de\/hero-releases\/","title":{"rendered":"(English) Hero releases"},"content":{"rendered":"<p class=\"qtranxs-available-languages-message qtranxs-available-languages-message-de\">Leider ist der Eintrag nur auf <a href=\"https:\/\/psionic-storm.com\/en\/wp-json\/wp\/v2\/pages\/8235\" class=\"qtranxs-available-language-link qtranxs-available-language-link-en\" title=\"English\">English<\/a> und <a href=\"https:\/\/psionic-storm.com\/fr\/wp-json\/wp\/v2\/pages\/8235\" class=\"qtranxs-available-language-link qtranxs-available-language-link-fr\" title=\"Fran\u00e7ais\">Fran\u00e7ais<\/a> verf\u00fcgbar.<\/p><p><a href=\"https:\/\/psionic-storm.com\/wp-content\/uploads\/psionic-storm-historique-des-sorties-des-heros.jpg\" rel=\"attachment wp-att-5766\" data-rel=\"lightbox-image-0\" data-rl_title=\"\" data-rl_caption=\"\" title=\"\"><img loading=\"lazy\" decoding=\"async\" width=\"896\" height=\"498\" src=\"https:\/\/psionic-storm.com\/wp-content\/uploads\/psionic-storm-historique-des-sorties-des-heros-896x498.jpg\" alt=\"Psionic Storm Historique des sorties des h\u00e9ros\" class=\"aligncenter size-large wp-image-5766\" srcset=\"https:\/\/psionic-storm.com\/wp-content\/uploads\/psionic-storm-historique-des-sorties-des-heros-896x498.jpg 896w, https:\/\/psionic-storm.com\/wp-content\/uploads\/psionic-storm-historique-des-sorties-des-heros-600x333.jpg 600w, https:\/\/psionic-storm.com\/wp-content\/uploads\/psionic-storm-historique-des-sorties-des-heros-768x427.jpg 768w, https:\/\/psionic-storm.com\/wp-content\/uploads\/psionic-storm-historique-des-sorties-des-heros.jpg 900w\" sizes=\"(max-width: 896px) 100vw, 896px\" \/><\/a><\/p>\n<h1>Hero releases<\/h1>\n<p>Here is the history of the hero release dates for the US region (+1 day for EU in general).<\/p>","protected":false},"excerpt":{"rendered":"<p><a href=\"https:\/\/psionic-storm.com\/wp-content\/uploads\/psionic-storm-historique-des-sorties-des-heros.jpg\" rel=\"attachment wp-att-5766\" data-rel=\"lightbox-image-0\" data-rl_title=\"\" data-rl_caption=\"\" title=\"\"><\/a><\/p>\n<h1>Hero releases<\/h1>\n<p>Here is the history of the hero release dates for the US region (+1 day for EU in general).<a href=\"https:\/\/psionic-storm.com\/wp-content\/uploads\/psionic-storm-historique-des-sorties-des-heros.jpg\" rel=\"attachment wp-att-5766\" data-rel=\"lightbox-image-0\" data-rl_title=\"\" data-rl_caption=\"\" title=\"\"><\/a><\/p>\n<h1>Sorties des h\u00e9ros<\/h1>\n<p>Voici l&#8217;historique des sorties de tous les h\u00e9ros ainsi que les liens vers les patch notes (\u00e0 partir de la cr\u00e9ation du site Psionic Storm). Les dates sont les sorties officielles en r\u00e9gion US (+1 jour pour EU en g\u00e9n\u00e9ral).<\/p>\n<p> <a class=\"more-link\" href=\"https:\/\/psionic-storm.com\/de\/hero-releases\/\">Lies mehr&nbsp;&raquo;<\/a><\/p>\n","protected":false},"author":67,"featured_media":0,"parent":0,"menu_order":0,"comment_status":"closed","ping_status":"closed","template":"template-hero-releases.php","meta":{"jetpack_post_was_ever_published":false,"footnotes":""},"class_list":["post-8235","page","type-page","status-publish","hentry"],"yoast_head":"<!-- This site is optimized with the Yoast SEO plugin v26.9 - https:\/\/yoast.com\/product\/yoast-seo-wordpress\/ -->\n<title>(English) Hero releases - (English) Psionic Storm - Heroes of the Storm overwhelming!<\/title>\n<meta name=\"robots\" content=\"index, follow, max-snippet:-1, max-image-preview:large, max-video-preview:-1\" \/>\n<link rel=\"canonical\" href=\"https:\/\/psionic-storm.com\/de\/hero-releases\/\" \/>\n<meta property=\"og:locale\" content=\"de_DE\" \/>\n<meta property=\"og:type\" content=\"article\" \/>\n<meta property=\"og:title\" content=\"(English) Hero releases - (English) Psionic Storm - Heroes of the Storm overwhelming!\" \/>\n<meta property=\"og:description\" content=\"Hero releases Here is the history of the hero release dates for the US region (+1 day for EU in general). Sorties des h\u00e9ros Voici l&#8217;historique des sorties de tous les h\u00e9ros ainsi que les liens vers les patch notes (\u00e0 partir de la cr\u00e9ation du site Psionic Storm). Les dates sont les sorties officielles en r\u00e9gion US (+1 jour pour EU en g\u00e9n\u00e9ral). Lies mehr&nbsp;&raquo;\" \/>\n<meta property=\"og:url\" content=\"https:\/\/psionic-storm.com\/de\/hero-releases\/\" \/>\n<meta property=\"og:site_name\" content=\"(English) Psionic Storm - Heroes of the Storm overwhelming!\" \/>\n<meta property=\"article:publisher\" content=\"https:\/\/www.facebook.com\/psionicstormfr\" \/>\n<meta property=\"article:modified_time\" content=\"2019-04-28T23:36:39+00:00\" \/>\n<meta property=\"og:image\" content=\"https:\/\/psionic-storm.com\/wp-content\/uploads\/psionic-storm-historique-des-sorties-des-heros-896x498.jpg\" \/>\n<meta name=\"twitter:card\" content=\"summary_large_image\" \/>\n<meta name=\"twitter:site\" content=\"@PsionicStormFR\" \/>\n<script type=\"application\/ld+json\" class=\"yoast-schema-graph\">{\"@context\":\"https:\/\/schema.org\",\"@graph\":[{\"@type\":\"WebPage\",\"@id\":\"https:\/\/psionic-storm.com\/de\/hero-releases\/\",\"url\":\"https:\/\/psionic-storm.com\/de\/hero-releases\/\",\"name\":\"(English) Hero releases - (English) Psionic Storm - Heroes of the Storm overwhelming!\",\"isPartOf\":{\"@id\":\"https:\/\/psionic-storm.com\/de\/#website\"},\"primaryImageOfPage\":{\"@id\":\"https:\/\/psionic-storm.com\/de\/hero-releases\/#primaryimage\"},\"image\":{\"@id\":\"https:\/\/psionic-storm.com\/hero-releases\/#primaryimage\"},\"thumbnailUrl\":\"https:\/\/psionic-storm.com\/wp-content\/uploads\/psionic-storm-historique-des-sorties-des-heros-896x498.jpg\",\"datePublished\":\"2016-09-22T13:55:26+00:00\",\"dateModified\":\"2019-04-28T23:36:39+00:00\",\"breadcrumb\":{\"@id\":\"https:\/\/psionic-storm.com\/de\/hero-releases\/#breadcrumb\"},\"inLanguage\":\"de\",\"potentialAction\":[{\"@type\":\"ReadAction\",\"target\":[[\"https:\/\/psionic-storm.com\/de\/hero-releases\/\"]]}]},{\"@type\":\"ImageObject\",\"inLanguage\":\"de\",\"@id\":\"https:\/\/psionic-storm.com\/de\/hero-releases\/#primaryimage\",\"url\":\"https:\/\/psionic-storm.com\/wp-content\/uploads\/psionic-storm-historique-des-sorties-des-heros-896x498.jpg\",\"contentUrl\":\"https:\/\/psionic-storm.com\/wp-content\/uploads\/psionic-storm-historique-des-sorties-des-heros-896x498.jpg\"},{\"@type\":\"BreadcrumbList\",\"@id\":\"https:\/\/psionic-storm.com\/de\/hero-releases\/#breadcrumb\",\"itemListElement\":[{\"@type\":\"ListItem\",\"position\":1,\"name\":\"Accueil\",\"item\":\"https:\/\/psionic-storm.com\/de\/\"},{\"@type\":\"ListItem\",\"position\":2,\"name\":\"Hero releases\"}]},{\"@type\":\"WebSite\",\"@id\":\"https:\/\/psionic-storm.com\/de\/#website\",\"url\":\"https:\/\/psionic-storm.com\/de\/\",\"name\":\"(English) Psionic Storm - Heroes of the Storm overwhelming!\",\"description\":\"(English) Talents, builds and stats for Heroes of the Storm by Blizzard\",\"publisher\":{\"@id\":\"https:\/\/psionic-storm.com\/de\/#organization\"},\"potentialAction\":[{\"@type\":\"SearchAction\",\"target\":{\"@type\":\"EntryPoint\",\"urlTemplate\":\"https:\/\/psionic-storm.com\/de\/?s={search_term_string}\"},\"query-input\":{\"@type\":\"PropertyValueSpecification\",\"valueRequired\":true,\"valueName\":\"search_term_string\"}}],\"inLanguage\":\"de\"},{\"@type\":\"Organization\",\"@id\":\"https:\/\/psionic-storm.com\/de\/#organization\",\"name\":\"Psionic Storm\",\"url\":\"https:\/\/psionic-storm.com\/de\/\",\"logo\":{\"@type\":\"ImageObject\",\"inLanguage\":\"de\",\"@id\":\"https:\/\/psionic-storm.com\/de\/#\/schema\/logo\/image\/\",\"url\":\"https:\/\/psionic-storm.com\/wp-content\/uploads\/2015\/04\/logo.png\",\"contentUrl\":\"https:\/\/psionic-storm.com\/wp-content\/uploads\/2015\/04\/logo.png\",\"width\":374,\"height\":158,\"caption\":\"Psionic Storm\"},\"image\":{\"@id\":\"https:\/\/psionic-storm.com\/de\/#\/schema\/logo\/image\/\"},\"sameAs\":[\"https:\/\/www.facebook.com\/psionicstormfr\",\"https:\/\/x.com\/PsionicStormFR\",\"https:\/\/www.youtube.com\/channel\/UCqD35J5WYsEehJCjPqYXXNw\"]}]}<\/script>\n<!-- \/ Yoast SEO plugin. -->","yoast_head_json":{"title":"(English) Hero releases - (English) Psionic Storm - Heroes of the Storm overwhelming!","robots":{"index":"index","follow":"follow","max-snippet":"max-snippet:-1","max-image-preview":"max-image-preview:large","max-video-preview":"max-video-preview:-1"},"canonical":"https:\/\/psionic-storm.com\/de\/hero-releases\/","og_locale":"de_DE","og_type":"article","og_title":"(English) Hero releases - (English) Psionic Storm - Heroes of the Storm overwhelming!","og_description":"Hero releases Here is the history of the hero release dates for the US region (+1 day for EU in general). Sorties des h\u00e9ros Voici l&#8217;historique des sorties de tous les h\u00e9ros ainsi que les liens vers les patch notes (\u00e0 partir de la cr\u00e9ation du site Psionic Storm). Les dates sont les sorties officielles en r\u00e9gion US (+1 jour pour EU en g\u00e9n\u00e9ral). Lies mehr&nbsp;&raquo;","og_url":"https:\/\/psionic-storm.com\/de\/hero-releases\/","og_site_name":"(English) Psionic Storm - Heroes of the Storm overwhelming!","article_publisher":"https:\/\/www.facebook.com\/psionicstormfr","article_modified_time":"2019-04-28T23:36:39+00:00","og_image":[{"url":"https:\/\/psionic-storm.com\/wp-content\/uploads\/psionic-storm-historique-des-sorties-des-heros-896x498.jpg","type":"","width":"","height":""}],"twitter_card":"summary_large_image","twitter_site":"@PsionicStormFR","schema":{"@context":"https:\/\/schema.org","@graph":[{"@type":"WebPage","@id":"https:\/\/psionic-storm.com\/de\/hero-releases\/","url":"https:\/\/psionic-storm.com\/de\/hero-releases\/","name":"(English) Hero releases - (English) Psionic Storm - Heroes of the Storm overwhelming!","isPartOf":{"@id":"https:\/\/psionic-storm.com\/de\/#website"},"primaryImageOfPage":{"@id":"https:\/\/psionic-storm.com\/de\/hero-releases\/#primaryimage"},"image":{"@id":"https:\/\/psionic-storm.com\/hero-releases\/#primaryimage"},"thumbnailUrl":"https:\/\/psionic-storm.com\/wp-content\/uploads\/psionic-storm-historique-des-sorties-des-heros-896x498.jpg","datePublished":"2016-09-22T13:55:26+00:00","dateModified":"2019-04-28T23:36:39+00:00","breadcrumb":{"@id":"https:\/\/psionic-storm.com\/de\/hero-releases\/#breadcrumb"},"inLanguage":"de","potentialAction":[{"@type":"ReadAction","target":[["https:\/\/psionic-storm.com\/de\/hero-releases\/"]]}]},{"@type":"ImageObject","inLanguage":"de","@id":"https:\/\/psionic-storm.com\/de\/hero-releases\/#primaryimage","url":"https:\/\/psionic-storm.com\/wp-content\/uploads\/psionic-storm-historique-des-sorties-des-heros-896x498.jpg","contentUrl":"https:\/\/psionic-storm.com\/wp-content\/uploads\/psionic-storm-historique-des-sorties-des-heros-896x498.jpg"},{"@type":"BreadcrumbList","@id":"https:\/\/psionic-storm.com\/de\/hero-releases\/#breadcrumb","itemListElement":[{"@type":"ListItem","position":1,"name":"Accueil","item":"https:\/\/psionic-storm.com\/de\/"},{"@type":"ListItem","position":2,"name":"Hero releases"}]},{"@type":"WebSite","@id":"https:\/\/psionic-storm.com\/de\/#website","url":"https:\/\/psionic-storm.com\/de\/","name":"(English) Psionic Storm - Heroes of the Storm overwhelming!","description":"(English) Talents, builds and stats for Heroes of the Storm by Blizzard","publisher":{"@id":"https:\/\/psionic-storm.com\/de\/#organization"},"potentialAction":[{"@type":"SearchAction","target":{"@type":"EntryPoint","urlTemplate":"https:\/\/psionic-storm.com\/de\/?s={search_term_string}"},"query-input":{"@type":"PropertyValueSpecification","valueRequired":true,"valueName":"search_term_string"}}],"inLanguage":"de"},{"@type":"Organization","@id":"https:\/\/psionic-storm.com\/de\/#organization","name":"Psionic Storm","url":"https:\/\/psionic-storm.com\/de\/","logo":{"@type":"ImageObject","inLanguage":"de","@id":"https:\/\/psionic-storm.com\/de\/#\/schema\/logo\/image\/","url":"https:\/\/psionic-storm.com\/wp-content\/uploads\/2015\/04\/logo.png","contentUrl":"https:\/\/psionic-storm.com\/wp-content\/uploads\/2015\/04\/logo.png","width":374,"height":158,"caption":"Psionic Storm"},"image":{"@id":"https:\/\/psionic-storm.com\/de\/#\/schema\/logo\/image\/"},"sameAs":["https:\/\/www.facebook.com\/psionicstormfr","https:\/\/x.com\/PsionicStormFR","https:\/\/www.youtube.com\/channel\/UCqD35J5WYsEehJCjPqYXXNw"]}]}},"jetpack_sharing_enabled":true,"jetpack_shortlink":"https:\/\/wp.me\/P6YPgm-28P","jetpack-related-posts":[{"id":25747,"url":"https:\/\/psionic-storm.com\/de\/localizations\/","url_meta":{"origin":8235,"position":0},"title":"(English) Localizations","author":"HerrVigg","date":"Mittwoch, der 23. Dezember 2020","format":false,"excerpt":"Leider ist der Eintrag nur auf English und Fran\u00e7ais verf\u00fcgbar.Psionic Storm is extending its features for internationalization. The process of translating the content for a given language and region is called localization. This concerns different items: general web interface: menus, pages, tooltips. Work of translation. articles content: most of the\u2026","rel":"","context":"\u00c4hnlicher Beitrag","block_context":{"text":"\u00c4hnlicher Beitrag","link":""},"img":{"alt_text":"","src":"https:\/\/i0.wp.com\/psionic-storm.com\/wp-content\/uploads\/psionic_world.jpg?resize=350%2C200&ssl=1","width":350,"height":200,"srcset":"https:\/\/i0.wp.com\/psionic-storm.com\/wp-content\/uploads\/psionic_world.jpg?resize=350%2C200&ssl=1 1x, https:\/\/i0.wp.com\/psionic-storm.com\/wp-content\/uploads\/psionic_world.jpg?resize=525%2C300&ssl=1 1.5x, https:\/\/i0.wp.com\/psionic-storm.com\/wp-content\/uploads\/psionic_world.jpg?resize=700%2C400&ssl=1 2x"},"classes":[]},{"id":14794,"url":"https:\/\/psionic-storm.com\/de\/privacy-policy\/","url_meta":{"origin":8235,"position":1},"title":"Datenschutz-Bestimmungen","author":"HerrVigg","date":"Freitag, der  3. August 2018","format":false,"excerpt":"Leider ist der Eintrag nur auf English und Fran\u00e7ais verf\u00fcgbar.Who we are Psionic Storm (https:\/\/psionic-storm.com) is an independent fan site for Heroes of the Storm (Blizzard game). Our goal is to offer the best tools and original content for the community of our favorite game. What personal data we collect\u2026","rel":"","context":"\u00c4hnlicher Beitrag","block_context":{"text":"\u00c4hnlicher Beitrag","link":""},"img":{"alt_text":"","src":"","width":0,"height":0},"classes":[]}],"_links":{"self":[{"href":"https:\/\/psionic-storm.com\/de\/wp-json\/wp\/v2\/pages\/8235","targetHints":{"allow":["GET"]}}],"collection":[{"href":"https:\/\/psionic-storm.com\/de\/wp-json\/wp\/v2\/pages"}],"about":[{"href":"https:\/\/psionic-storm.com\/de\/wp-json\/wp\/v2\/types\/page"}],"author":[{"embeddable":true,"href":"https:\/\/psionic-storm.com\/de\/wp-json\/wp\/v2\/users\/67"}],"replies":[{"embeddable":true,"href":"https:\/\/psionic-storm.com\/de\/wp-json\/wp\/v2\/comments?post=8235"}],"version-history":[{"count":0,"href":"https:\/\/psionic-storm.com\/de\/wp-json\/wp\/v2\/pages\/8235\/revisions"}],"wp:attachment":[{"href":"https:\/\/psionic-storm.com\/de\/wp-json\/wp\/v2\/media?parent=8235"}],"curies":[{"name":"wp","href":"https:\/\/api.w.org\/{rel}","templated":true}]}}