{"id":13175,"date":"2018-02-20T21:42:03","date_gmt":"2018-02-20T20:42:03","guid":{"rendered":"https:\/\/psionic-storm.com\/?page_id=13175"},"modified":"2022-02-13T16:00:26","modified_gmt":"2022-02-13T15:00:26","slug":"tierlist","status":"publish","type":"page","link":"https:\/\/psionic-storm.com\/es\/tierlist\/","title":{"rendered":"Tier List"},"content":{"rendered":"<p class=\"qtranxs-available-languages-message qtranxs-available-languages-message-es\">Disculpa, pero esta entrada est\u00e1 disponible s\u00f3lo en <a href=\"https:\/\/psionic-storm.com\/en\/wp-json\/wp\/v2\/pages\/13175\" class=\"qtranxs-available-language-link qtranxs-available-language-link-en\" title=\"English\">English<\/a> y <a href=\"https:\/\/psionic-storm.com\/fr\/wp-json\/wp\/v2\/pages\/13175\" class=\"qtranxs-available-language-link qtranxs-available-language-link-fr\" title=\"Fran\u00e7ais\">Fran\u00e7ais<\/a>.<\/p><p><\/p>\n<div class=\"tierlist-description\" style=\"display:none\" data-tierlist=\"tierlist\">\nThis <a href=\"https:\/\/heroeshearth.com\/tiers\/grubby\/10419\/\">Tier List<\/a> comes from <a href=\"https:\/\/www.twitch.tv\/followgrubby\">Grubby<\/a>.\n<\/div>\n<p><\/p>","protected":false},"excerpt":{"rendered":"<p>This <a href=\"https:\/\/heroeshearth.com\/tiers\/grubby\/10419\/\">Tier List<\/a> comes from <a href=\"https:\/\/www.twitch.tv\/followgrubby\">Grubby<\/a>.<\/p>\n<p>Cette <a href=\"https:\/\/heroeshearth.com\/tiers\/grubby\/10419\/\">Tier List<\/a> provient de <a href=\"https:\/\/www.twitch.tv\/followgrubby\">Grubby<\/a>. <a class=\"more-link\" href=\"https:\/\/psionic-storm.com\/es\/tierlist\/\">Read more&nbsp;&raquo;<\/a><\/p>\n","protected":false},"author":67,"featured_media":0,"parent":0,"menu_order":0,"comment_status":"closed","ping_status":"closed","template":"template-tier-list.php","meta":{"jetpack_post_was_ever_published":false,"footnotes":""},"class_list":["post-13175","page","type-page","status-publish","hentry"],"yoast_head":"<!-- This site is optimized with the Yoast SEO plugin v26.9 - https:\/\/yoast.com\/product\/yoast-seo-wordpress\/ -->\n<title>Tier List - (English) Psionic Storm - Heroes of the Storm overwhelming!<\/title>\n<meta name=\"robots\" content=\"index, follow, max-snippet:-1, max-image-preview:large, max-video-preview:-1\" \/>\n<link rel=\"canonical\" href=\"https:\/\/psionic-storm.com\/es\/tierlist\/\" \/>\n<meta property=\"og:locale\" content=\"es_ES\" \/>\n<meta property=\"og:type\" content=\"article\" \/>\n<meta property=\"og:title\" content=\"Tier List - (English) Psionic Storm - Heroes of the Storm overwhelming!\" \/>\n<meta property=\"og:description\" content=\"This Tier List comes from Grubby.  Cette Tier List provient de Grubby. Read more&nbsp;&raquo;\" \/>\n<meta property=\"og:url\" content=\"https:\/\/psionic-storm.com\/es\/tierlist\/\" \/>\n<meta property=\"og:site_name\" content=\"(English) Psionic Storm - Heroes of the Storm overwhelming!\" \/>\n<meta property=\"article:publisher\" content=\"https:\/\/www.facebook.com\/psionicstormfr\" \/>\n<meta property=\"article:modified_time\" content=\"2022-02-13T15:00:26+00:00\" \/>\n<meta property=\"og:image\" content=\"https:\/\/psionic-storm.com\/wp-content\/uploads\/tier-list_probius-1.jpg\" \/>\n\t<meta property=\"og:image:width\" content=\"900\" \/>\n\t<meta property=\"og:image:height\" content=\"500\" \/>\n\t<meta property=\"og:image:type\" content=\"image\/jpeg\" \/>\n<meta name=\"twitter:card\" content=\"summary_large_image\" \/>\n<meta name=\"twitter:site\" content=\"@PsionicStormFR\" \/>\n<script type=\"application\/ld+json\" class=\"yoast-schema-graph\">{\"@context\":\"https:\/\/schema.org\",\"@graph\":[{\"@type\":\"WebPage\",\"@id\":\"https:\/\/psionic-storm.com\/es\/tierlist\/\",\"url\":\"https:\/\/psionic-storm.com\/es\/tierlist\/\",\"name\":\"Tier List - (English) Psionic Storm - Heroes of the Storm overwhelming!\",\"isPartOf\":{\"@id\":\"https:\/\/psionic-storm.com\/es\/#website\"},\"datePublished\":\"2018-02-20T20:42:03+00:00\",\"dateModified\":\"2022-02-13T15:00:26+00:00\",\"breadcrumb\":{\"@id\":\"https:\/\/psionic-storm.com\/es\/tierlist\/#breadcrumb\"},\"inLanguage\":\"es\",\"potentialAction\":[{\"@type\":\"ReadAction\",\"target\":[[\"https:\/\/psionic-storm.com\/es\/tierlist\/\"]]}]},{\"@type\":\"BreadcrumbList\",\"@id\":\"https:\/\/psionic-storm.com\/es\/tierlist\/#breadcrumb\",\"itemListElement\":[{\"@type\":\"ListItem\",\"position\":1,\"name\":\"Accueil\",\"item\":\"https:\/\/psionic-storm.com\/es\/\"},{\"@type\":\"ListItem\",\"position\":2,\"name\":\"Tier List\"}]},{\"@type\":\"WebSite\",\"@id\":\"https:\/\/psionic-storm.com\/es\/#website\",\"url\":\"https:\/\/psionic-storm.com\/es\/\",\"name\":\"(English) Psionic Storm - Heroes of the Storm overwhelming!\",\"description\":\"(English) Talents, builds and stats for Heroes of the Storm by Blizzard\",\"publisher\":{\"@id\":\"https:\/\/psionic-storm.com\/es\/#organization\"},\"potentialAction\":[{\"@type\":\"SearchAction\",\"target\":{\"@type\":\"EntryPoint\",\"urlTemplate\":\"https:\/\/psionic-storm.com\/es\/?s={search_term_string}\"},\"query-input\":{\"@type\":\"PropertyValueSpecification\",\"valueRequired\":true,\"valueName\":\"search_term_string\"}}],\"inLanguage\":\"es\"},{\"@type\":\"Organization\",\"@id\":\"https:\/\/psionic-storm.com\/es\/#organization\",\"name\":\"Psionic Storm\",\"url\":\"https:\/\/psionic-storm.com\/es\/\",\"logo\":{\"@type\":\"ImageObject\",\"inLanguage\":\"es\",\"@id\":\"https:\/\/psionic-storm.com\/es\/#\/schema\/logo\/image\/\",\"url\":\"https:\/\/psionic-storm.com\/wp-content\/uploads\/2015\/04\/logo.png\",\"contentUrl\":\"https:\/\/psionic-storm.com\/wp-content\/uploads\/2015\/04\/logo.png\",\"width\":374,\"height\":158,\"caption\":\"Psionic Storm\"},\"image\":{\"@id\":\"https:\/\/psionic-storm.com\/es\/#\/schema\/logo\/image\/\"},\"sameAs\":[\"https:\/\/www.facebook.com\/psionicstormfr\",\"https:\/\/x.com\/PsionicStormFR\",\"https:\/\/www.youtube.com\/channel\/UCqD35J5WYsEehJCjPqYXXNw\"]}]}<\/script>\n<!-- \/ Yoast SEO plugin. -->","yoast_head_json":{"title":"Tier List - (English) Psionic Storm - Heroes of the Storm overwhelming!","robots":{"index":"index","follow":"follow","max-snippet":"max-snippet:-1","max-image-preview":"max-image-preview:large","max-video-preview":"max-video-preview:-1"},"canonical":"https:\/\/psionic-storm.com\/es\/tierlist\/","og_locale":"es_ES","og_type":"article","og_title":"Tier List - (English) Psionic Storm - Heroes of the Storm overwhelming!","og_description":"This Tier List comes from Grubby.  Cette Tier List provient de Grubby. Read more&nbsp;&raquo;","og_url":"https:\/\/psionic-storm.com\/es\/tierlist\/","og_site_name":"(English) Psionic Storm - Heroes of the Storm overwhelming!","article_publisher":"https:\/\/www.facebook.com\/psionicstormfr","article_modified_time":"2022-02-13T15:00:26+00:00","og_image":[{"width":900,"height":500,"url":"https:\/\/psionic-storm.com\/wp-content\/uploads\/tier-list_probius-1.jpg","type":"image\/jpeg"}],"twitter_card":"summary_large_image","twitter_site":"@PsionicStormFR","schema":{"@context":"https:\/\/schema.org","@graph":[{"@type":"WebPage","@id":"https:\/\/psionic-storm.com\/es\/tierlist\/","url":"https:\/\/psionic-storm.com\/es\/tierlist\/","name":"Tier List - (English) Psionic Storm - Heroes of the Storm overwhelming!","isPartOf":{"@id":"https:\/\/psionic-storm.com\/es\/#website"},"datePublished":"2018-02-20T20:42:03+00:00","dateModified":"2022-02-13T15:00:26+00:00","breadcrumb":{"@id":"https:\/\/psionic-storm.com\/es\/tierlist\/#breadcrumb"},"inLanguage":"es","potentialAction":[{"@type":"ReadAction","target":[["https:\/\/psionic-storm.com\/es\/tierlist\/"]]}]},{"@type":"BreadcrumbList","@id":"https:\/\/psionic-storm.com\/es\/tierlist\/#breadcrumb","itemListElement":[{"@type":"ListItem","position":1,"name":"Accueil","item":"https:\/\/psionic-storm.com\/es\/"},{"@type":"ListItem","position":2,"name":"Tier List"}]},{"@type":"WebSite","@id":"https:\/\/psionic-storm.com\/es\/#website","url":"https:\/\/psionic-storm.com\/es\/","name":"(English) Psionic Storm - Heroes of the Storm overwhelming!","description":"(English) Talents, builds and stats for Heroes of the Storm by Blizzard","publisher":{"@id":"https:\/\/psionic-storm.com\/es\/#organization"},"potentialAction":[{"@type":"SearchAction","target":{"@type":"EntryPoint","urlTemplate":"https:\/\/psionic-storm.com\/es\/?s={search_term_string}"},"query-input":{"@type":"PropertyValueSpecification","valueRequired":true,"valueName":"search_term_string"}}],"inLanguage":"es"},{"@type":"Organization","@id":"https:\/\/psionic-storm.com\/es\/#organization","name":"Psionic Storm","url":"https:\/\/psionic-storm.com\/es\/","logo":{"@type":"ImageObject","inLanguage":"es","@id":"https:\/\/psionic-storm.com\/es\/#\/schema\/logo\/image\/","url":"https:\/\/psionic-storm.com\/wp-content\/uploads\/2015\/04\/logo.png","contentUrl":"https:\/\/psionic-storm.com\/wp-content\/uploads\/2015\/04\/logo.png","width":374,"height":158,"caption":"Psionic Storm"},"image":{"@id":"https:\/\/psionic-storm.com\/es\/#\/schema\/logo\/image\/"},"sameAs":["https:\/\/www.facebook.com\/psionicstormfr","https:\/\/x.com\/PsionicStormFR","https:\/\/www.youtube.com\/channel\/UCqD35J5WYsEehJCjPqYXXNw"]}]}},"jetpack_sharing_enabled":true,"jetpack_shortlink":"https:\/\/wp.me\/P6YPgm-3qv","jetpack-related-posts":[{"id":25747,"url":"https:\/\/psionic-storm.com\/es\/localizations\/","url_meta":{"origin":13175,"position":0},"title":"(English) Localizations","author":"HerrVigg","date":"23 de diciembre de 2020","format":false,"excerpt":"Disculpa, pero esta entrada est\u00e1 disponible s\u00f3lo en English y Fran\u00e7ais.Psionic Storm is extending its features for internationalization. The process of translating the content for a given language and region is called localization. This concerns different items: general web interface: menus, pages, tooltips. Work of translation. articles content: most of\u2026","rel":"","context":"Entrada similar","block_context":{"text":"Entrada similar","link":""},"img":{"alt_text":"","src":"https:\/\/i0.wp.com\/psionic-storm.com\/wp-content\/uploads\/psionic_world.jpg?resize=350%2C200&ssl=1","width":350,"height":200,"srcset":"https:\/\/i0.wp.com\/psionic-storm.com\/wp-content\/uploads\/psionic_world.jpg?resize=350%2C200&ssl=1 1x, https:\/\/i0.wp.com\/psionic-storm.com\/wp-content\/uploads\/psionic_world.jpg?resize=525%2C300&ssl=1 1.5x, https:\/\/i0.wp.com\/psionic-storm.com\/wp-content\/uploads\/psionic_world.jpg?resize=700%2C400&ssl=1 2x"},"classes":[]},{"id":14794,"url":"https:\/\/psionic-storm.com\/es\/privacy-policy\/","url_meta":{"origin":13175,"position":1},"title":"Pol\u00edtica de privacidad","author":"HerrVigg","date":"03 de agosto de 2018","format":false,"excerpt":"Disculpa, pero esta entrada est\u00e1 disponible s\u00f3lo en English y Fran\u00e7ais.Who we are Psionic Storm (https:\/\/psionic-storm.com) is an independent fan site for Heroes of the Storm (Blizzard game). Our goal is to offer the best tools and original content for the community of our favorite game. What personal data we\u2026","rel":"","context":"Entrada similar","block_context":{"text":"Entrada similar","link":""},"img":{"alt_text":"","src":"","width":0,"height":0},"classes":[]}],"_links":{"self":[{"href":"https:\/\/psionic-storm.com\/es\/wp-json\/wp\/v2\/pages\/13175","targetHints":{"allow":["GET"]}}],"collection":[{"href":"https:\/\/psionic-storm.com\/es\/wp-json\/wp\/v2\/pages"}],"about":[{"href":"https:\/\/psionic-storm.com\/es\/wp-json\/wp\/v2\/types\/page"}],"author":[{"embeddable":true,"href":"https:\/\/psionic-storm.com\/es\/wp-json\/wp\/v2\/users\/67"}],"replies":[{"embeddable":true,"href":"https:\/\/psionic-storm.com\/es\/wp-json\/wp\/v2\/comments?post=13175"}],"version-history":[{"count":2,"href":"https:\/\/psionic-storm.com\/es\/wp-json\/wp\/v2\/pages\/13175\/revisions"}],"predecessor-version":[{"id":26503,"href":"https:\/\/psionic-storm.com\/es\/wp-json\/wp\/v2\/pages\/13175\/revisions\/26503"}],"wp:attachment":[{"href":"https:\/\/psionic-storm.com\/es\/wp-json\/wp\/v2\/media?parent=13175"}],"curies":[{"name":"wp","href":"https:\/\/api.w.org\/{rel}","templated":true}]}}