{"id":6,"date":"2015-03-20T11:30:35","date_gmt":"2015-03-20T10:30:35","guid":{"rendered":"http:\/\/psionic-storm.com\/?page_id=6"},"modified":"2018-10-24T21:59:20","modified_gmt":"2018-10-24T19:59:20","slug":"heroes","status":"publish","type":"page","link":"https:\/\/psionic-storm.com\/es\/heroes\/","title":{"rendered":"(English) Heroes"},"content":{"rendered":"","protected":false},"excerpt":{"rendered":"<p> <a class=\"more-link\" href=\"https:\/\/psionic-storm.com\/es\/heroes\/\">Read more&nbsp;&raquo;<\/a><\/p>\n","protected":false},"author":1,"featured_media":0,"parent":0,"menu_order":0,"comment_status":"open","ping_status":"open","template":"template-heroes.php","meta":{"jetpack_post_was_ever_published":false,"footnotes":""},"class_list":["post-6","page","type-page","status-publish","hentry"],"yoast_head":"<!-- This site is optimized with the Yoast SEO plugin v26.9 - https:\/\/yoast.com\/product\/yoast-seo-wordpress\/ -->\n<title>(English) Heroes - (English) Psionic Storm - Heroes of the Storm overwhelming!<\/title>\n<meta name=\"description\" content=\"(English) Visualize the complete hero page: description, role, abilities, heroics, talents, skins, videos\" \/>\n<meta name=\"robots\" content=\"index, follow, max-snippet:-1, max-image-preview:large, max-video-preview:-1\" \/>\n<link rel=\"canonical\" href=\"https:\/\/psionic-storm.com\/es\/heroes\/\" \/>\n<meta property=\"og:locale\" content=\"es_ES\" \/>\n<meta property=\"og:type\" content=\"article\" \/>\n<meta property=\"og:title\" content=\"(English) Heroes - (English) Psionic Storm - Heroes of the Storm overwhelming!\" \/>\n<meta property=\"og:description\" content=\"(English) Visualize the complete hero page: description, role, abilities, heroics, talents, skins, videos\" \/>\n<meta property=\"og:url\" content=\"https:\/\/psionic-storm.com\/es\/heroes\/\" \/>\n<meta property=\"og:site_name\" content=\"(English) Psionic Storm - Heroes of the Storm overwhelming!\" \/>\n<meta property=\"article:publisher\" content=\"https:\/\/www.facebook.com\/psionicstormfr\" \/>\n<meta property=\"article:modified_time\" content=\"2018-10-24T19:59:20+00:00\" \/>\n<meta property=\"og:image\" content=\"https:\/\/psionic-storm.com\/wp-content\/uploads\/2015\/05\/DZN-Psionic_Storm-Z-Wallpaper-Social.jpg\" \/>\n\t<meta property=\"og:image:width\" content=\"1200\" \/>\n\t<meta property=\"og:image:height\" content=\"1200\" \/>\n\t<meta property=\"og:image:type\" content=\"image\/jpeg\" \/>\n<meta name=\"twitter:card\" content=\"summary_large_image\" \/>\n<meta name=\"twitter:site\" content=\"@PsionicStormFR\" \/>\n<script type=\"application\/ld+json\" class=\"yoast-schema-graph\">{\"@context\":\"https:\/\/schema.org\",\"@graph\":[{\"@type\":\"WebPage\",\"@id\":\"https:\/\/psionic-storm.com\/es\/heroes\/\",\"url\":\"https:\/\/psionic-storm.com\/es\/heroes\/\",\"name\":\"(English) Heroes - (English) Psionic Storm - Heroes of the Storm overwhelming!\",\"isPartOf\":{\"@id\":\"https:\/\/psionic-storm.com\/es\/#website\"},\"datePublished\":\"2015-03-20T10:30:35+00:00\",\"dateModified\":\"2018-10-24T19:59:20+00:00\",\"description\":\"(English) Visualize the complete hero page: description, role, abilities, heroics, talents, skins, videos\",\"breadcrumb\":{\"@id\":\"https:\/\/psionic-storm.com\/es\/heroes\/#breadcrumb\"},\"inLanguage\":\"es\",\"potentialAction\":[{\"@type\":\"ReadAction\",\"target\":[[\"https:\/\/psionic-storm.com\/es\/heroes\/\"]]}]},{\"@type\":\"BreadcrumbList\",\"@id\":\"https:\/\/psionic-storm.com\/es\/heroes\/#breadcrumb\",\"itemListElement\":[{\"@type\":\"ListItem\",\"position\":1,\"name\":\"Accueil\",\"item\":\"https:\/\/psionic-storm.com\/es\/\"},{\"@type\":\"ListItem\",\"position\":2,\"name\":\"Heroes\"}]},{\"@type\":\"WebSite\",\"@id\":\"https:\/\/psionic-storm.com\/es\/#website\",\"url\":\"https:\/\/psionic-storm.com\/es\/\",\"name\":\"(English) Psionic Storm - Heroes of the Storm overwhelming!\",\"description\":\"(English) Talents, builds and stats for Heroes of the Storm by Blizzard\",\"publisher\":{\"@id\":\"https:\/\/psionic-storm.com\/es\/#organization\"},\"potentialAction\":[{\"@type\":\"SearchAction\",\"target\":{\"@type\":\"EntryPoint\",\"urlTemplate\":\"https:\/\/psionic-storm.com\/es\/?s={search_term_string}\"},\"query-input\":{\"@type\":\"PropertyValueSpecification\",\"valueRequired\":true,\"valueName\":\"search_term_string\"}}],\"inLanguage\":\"es\"},{\"@type\":\"Organization\",\"@id\":\"https:\/\/psionic-storm.com\/es\/#organization\",\"name\":\"Psionic Storm\",\"url\":\"https:\/\/psionic-storm.com\/es\/\",\"logo\":{\"@type\":\"ImageObject\",\"inLanguage\":\"es\",\"@id\":\"https:\/\/psionic-storm.com\/es\/#\/schema\/logo\/image\/\",\"url\":\"https:\/\/psionic-storm.com\/wp-content\/uploads\/2015\/04\/logo.png\",\"contentUrl\":\"https:\/\/psionic-storm.com\/wp-content\/uploads\/2015\/04\/logo.png\",\"width\":374,\"height\":158,\"caption\":\"Psionic Storm\"},\"image\":{\"@id\":\"https:\/\/psionic-storm.com\/es\/#\/schema\/logo\/image\/\"},\"sameAs\":[\"https:\/\/www.facebook.com\/psionicstormfr\",\"https:\/\/x.com\/PsionicStormFR\",\"https:\/\/www.youtube.com\/channel\/UCqD35J5WYsEehJCjPqYXXNw\"]}]}<\/script>\n<!-- \/ Yoast SEO plugin. -->","yoast_head_json":{"title":"(English) Heroes - (English) Psionic Storm - Heroes of the Storm overwhelming!","description":"(English) Visualize the complete hero page: description, role, abilities, heroics, talents, skins, videos","robots":{"index":"index","follow":"follow","max-snippet":"max-snippet:-1","max-image-preview":"max-image-preview:large","max-video-preview":"max-video-preview:-1"},"canonical":"https:\/\/psionic-storm.com\/es\/heroes\/","og_locale":"es_ES","og_type":"article","og_title":"(English) Heroes - (English) Psionic Storm - Heroes of the Storm overwhelming!","og_description":"(English) Visualize the complete hero page: description, role, abilities, heroics, talents, skins, videos","og_url":"https:\/\/psionic-storm.com\/es\/heroes\/","og_site_name":"(English) Psionic Storm - Heroes of the Storm overwhelming!","article_publisher":"https:\/\/www.facebook.com\/psionicstormfr","article_modified_time":"2018-10-24T19:59:20+00:00","og_image":[{"width":1200,"height":1200,"url":"https:\/\/psionic-storm.com\/wp-content\/uploads\/2015\/05\/DZN-Psionic_Storm-Z-Wallpaper-Social.jpg","type":"image\/jpeg"}],"twitter_card":"summary_large_image","twitter_site":"@PsionicStormFR","schema":{"@context":"https:\/\/schema.org","@graph":[{"@type":"WebPage","@id":"https:\/\/psionic-storm.com\/es\/heroes\/","url":"https:\/\/psionic-storm.com\/es\/heroes\/","name":"(English) Heroes - (English) Psionic Storm - Heroes of the Storm overwhelming!","isPartOf":{"@id":"https:\/\/psionic-storm.com\/es\/#website"},"datePublished":"2015-03-20T10:30:35+00:00","dateModified":"2018-10-24T19:59:20+00:00","description":"(English) Visualize the complete hero page: description, role, abilities, heroics, talents, skins, videos","breadcrumb":{"@id":"https:\/\/psionic-storm.com\/es\/heroes\/#breadcrumb"},"inLanguage":"es","potentialAction":[{"@type":"ReadAction","target":[["https:\/\/psionic-storm.com\/es\/heroes\/"]]}]},{"@type":"BreadcrumbList","@id":"https:\/\/psionic-storm.com\/es\/heroes\/#breadcrumb","itemListElement":[{"@type":"ListItem","position":1,"name":"Accueil","item":"https:\/\/psionic-storm.com\/es\/"},{"@type":"ListItem","position":2,"name":"Heroes"}]},{"@type":"WebSite","@id":"https:\/\/psionic-storm.com\/es\/#website","url":"https:\/\/psionic-storm.com\/es\/","name":"(English) Psionic Storm - Heroes of the Storm overwhelming!","description":"(English) Talents, builds and stats for Heroes of the Storm by Blizzard","publisher":{"@id":"https:\/\/psionic-storm.com\/es\/#organization"},"potentialAction":[{"@type":"SearchAction","target":{"@type":"EntryPoint","urlTemplate":"https:\/\/psionic-storm.com\/es\/?s={search_term_string}"},"query-input":{"@type":"PropertyValueSpecification","valueRequired":true,"valueName":"search_term_string"}}],"inLanguage":"es"},{"@type":"Organization","@id":"https:\/\/psionic-storm.com\/es\/#organization","name":"Psionic Storm","url":"https:\/\/psionic-storm.com\/es\/","logo":{"@type":"ImageObject","inLanguage":"es","@id":"https:\/\/psionic-storm.com\/es\/#\/schema\/logo\/image\/","url":"https:\/\/psionic-storm.com\/wp-content\/uploads\/2015\/04\/logo.png","contentUrl":"https:\/\/psionic-storm.com\/wp-content\/uploads\/2015\/04\/logo.png","width":374,"height":158,"caption":"Psionic Storm"},"image":{"@id":"https:\/\/psionic-storm.com\/es\/#\/schema\/logo\/image\/"},"sameAs":["https:\/\/www.facebook.com\/psionicstormfr","https:\/\/x.com\/PsionicStormFR","https:\/\/www.youtube.com\/channel\/UCqD35J5WYsEehJCjPqYXXNw"]}]}},"jetpack_sharing_enabled":true,"jetpack_shortlink":"https:\/\/wp.me\/P6YPgm-6","jetpack-related-posts":[{"id":25747,"url":"https:\/\/psionic-storm.com\/es\/localizations\/","url_meta":{"origin":6,"position":0},"title":"(English) Localizations","author":"HerrVigg","date":"23 de diciembre de 2020","format":false,"excerpt":"Disculpa, pero esta entrada est\u00e1 disponible s\u00f3lo en English y Fran\u00e7ais.Psionic Storm is extending its features for internationalization. The process of translating the content for a given language and region is called localization. This concerns different items: general web interface: menus, pages, tooltips. Work of translation. articles content: most of\u2026","rel":"","context":"Entrada similar","block_context":{"text":"Entrada similar","link":""},"img":{"alt_text":"","src":"https:\/\/i0.wp.com\/psionic-storm.com\/wp-content\/uploads\/psionic_world.jpg?resize=350%2C200&ssl=1","width":350,"height":200,"srcset":"https:\/\/i0.wp.com\/psionic-storm.com\/wp-content\/uploads\/psionic_world.jpg?resize=350%2C200&ssl=1 1x, https:\/\/i0.wp.com\/psionic-storm.com\/wp-content\/uploads\/psionic_world.jpg?resize=525%2C300&ssl=1 1.5x, https:\/\/i0.wp.com\/psionic-storm.com\/wp-content\/uploads\/psionic_world.jpg?resize=700%2C400&ssl=1 2x"},"classes":[]},{"id":14794,"url":"https:\/\/psionic-storm.com\/es\/privacy-policy\/","url_meta":{"origin":6,"position":1},"title":"Pol\u00edtica de privacidad","author":"HerrVigg","date":"03 de agosto de 2018","format":false,"excerpt":"Disculpa, pero esta entrada est\u00e1 disponible s\u00f3lo en English y Fran\u00e7ais.Who we are Psionic Storm (https:\/\/psionic-storm.com) is an independent fan site for Heroes of the Storm (Blizzard game). Our goal is to offer the best tools and original content for the community of our favorite game. What personal data we\u2026","rel":"","context":"Entrada similar","block_context":{"text":"Entrada similar","link":""},"img":{"alt_text":"","src":"","width":0,"height":0},"classes":[]}],"_links":{"self":[{"href":"https:\/\/psionic-storm.com\/es\/wp-json\/wp\/v2\/pages\/6","targetHints":{"allow":["GET"]}}],"collection":[{"href":"https:\/\/psionic-storm.com\/es\/wp-json\/wp\/v2\/pages"}],"about":[{"href":"https:\/\/psionic-storm.com\/es\/wp-json\/wp\/v2\/types\/page"}],"author":[{"embeddable":true,"href":"https:\/\/psionic-storm.com\/es\/wp-json\/wp\/v2\/users\/1"}],"replies":[{"embeddable":true,"href":"https:\/\/psionic-storm.com\/es\/wp-json\/wp\/v2\/comments?post=6"}],"version-history":[{"count":0,"href":"https:\/\/psionic-storm.com\/es\/wp-json\/wp\/v2\/pages\/6\/revisions"}],"wp:attachment":[{"href":"https:\/\/psionic-storm.com\/es\/wp-json\/wp\/v2\/media?parent=6"}],"curies":[{"name":"wp","href":"https:\/\/api.w.org\/{rel}","templated":true}]}}