{"id":1819,"date":"2015-07-06T09:51:55","date_gmt":"2015-07-06T07:51:55","guid":{"rendered":"http:\/\/psionic-storm.com\/?page_id=1819"},"modified":"2020-12-12T13:27:30","modified_gmt":"2020-12-12T12:27:30","slug":"talent-calculator","status":"publish","type":"page","link":"https:\/\/psionic-storm.com\/fr\/talent-calculator\/","title":{"rendered":"Calculateur de talents"},"content":{"rendered":"","protected":false},"excerpt":{"rendered":"<p> <a class=\"more-link\" href=\"https:\/\/psionic-storm.com\/fr\/talent-calculator\/\">Lire la suite&nbsp;&raquo;<\/a><\/p>\n","protected":false},"author":1,"featured_media":0,"parent":0,"menu_order":0,"comment_status":"open","ping_status":"closed","template":"template-talent-calculator.php","meta":{"jetpack_post_was_ever_published":false,"footnotes":""},"class_list":["post-1819","page","type-page","status-publish","hentry"],"yoast_head":"<!-- This site is optimized with the Yoast SEO plugin v27.3 - https:\/\/yoast.com\/product\/yoast-seo-wordpress\/ -->\n<title>Calculateur de talents - Psionic Storm - L&#039;actualit\u00e9 Heroes of the Storm en Fran\u00e7ais<\/title>\n<meta name=\"description\" content=\"Cr\u00e9ez et partagez vos s\u00e9lections de talents pour vos h\u00e9ros favoris dans notre calculateur de talents (builds instantan\u00e9s) avec tiers et stats de base\" \/>\n<meta name=\"robots\" content=\"index, follow, max-snippet:-1, max-image-preview:large, max-video-preview:-1\" \/>\n<link rel=\"canonical\" href=\"https:\/\/psionic-storm.com\/fr\/talent-calculator\/\" \/>\n<meta property=\"og:locale\" content=\"fr_FR\" \/>\n<meta property=\"og:type\" content=\"article\" \/>\n<meta property=\"og:title\" content=\"Calculateur de talents - Psionic Storm - L&#039;actualit\u00e9 Heroes of the Storm en Fran\u00e7ais\" \/>\n<meta property=\"og:description\" content=\"Cr\u00e9ez et partagez vos s\u00e9lections de talents pour vos h\u00e9ros favoris dans notre calculateur de talents (builds instantan\u00e9s) avec tiers et stats de base\" \/>\n<meta property=\"og:url\" content=\"https:\/\/psionic-storm.com\/fr\/talent-calculator\/\" \/>\n<meta property=\"og:site_name\" content=\"Psionic Storm - L&#039;actualit\u00e9 Heroes of the Storm en Fran\u00e7ais\" \/>\n<meta property=\"article:publisher\" content=\"https:\/\/www.facebook.com\/psionicstormfr\" \/>\n<meta property=\"article:modified_time\" content=\"2020-12-12T12:27:30+00:00\" \/>\n<meta property=\"og:image\" content=\"https:\/\/psionic-storm.com\/wp-content\/uploads\/2015\/05\/DZN-Psionic_Storm-Z-Wallpaper-Social.jpg\" \/>\n\t<meta property=\"og:image:width\" content=\"1200\" \/>\n\t<meta property=\"og:image:height\" content=\"1200\" \/>\n\t<meta property=\"og:image:type\" content=\"image\/jpeg\" \/>\n<meta name=\"twitter:card\" content=\"summary_large_image\" \/>\n<meta name=\"twitter:site\" content=\"@PsionicStormFR\" \/>\n<script type=\"application\/ld+json\" class=\"yoast-schema-graph\">{\"@context\":\"https:\\\/\\\/schema.org\",\"@graph\":[{\"@type\":\"WebPage\",\"@id\":\"https:\\\/\\\/psionic-storm.com\\\/fr\\\/talent-calculator\\\/\",\"url\":\"https:\\\/\\\/psionic-storm.com\\\/fr\\\/talent-calculator\\\/\",\"name\":\"Calculateur de talents - Psionic Storm - L&#039;actualit\u00e9 Heroes of the Storm en Fran\u00e7ais\",\"isPartOf\":{\"@id\":\"https:\\\/\\\/psionic-storm.com\\\/fr\\\/#website\"},\"datePublished\":\"2015-07-06T07:51:55+00:00\",\"dateModified\":\"2020-12-12T12:27:30+00:00\",\"description\":\"Cr\u00e9ez et partagez vos s\u00e9lections de talents pour vos h\u00e9ros favoris dans notre calculateur de talents (builds instantan\u00e9s) avec tiers et stats de base\",\"breadcrumb\":{\"@id\":\"https:\\\/\\\/psionic-storm.com\\\/fr\\\/talent-calculator\\\/#breadcrumb\"},\"inLanguage\":\"fr-FR\",\"potentialAction\":[{\"@type\":\"ReadAction\",\"target\":[[\"https:\\\/\\\/psionic-storm.com\\\/fr\\\/talent-calculator\\\/\"]]}]},{\"@type\":\"BreadcrumbList\",\"@id\":\"https:\\\/\\\/psionic-storm.com\\\/fr\\\/talent-calculator\\\/#breadcrumb\",\"itemListElement\":[{\"@type\":\"ListItem\",\"position\":1,\"name\":\"Accueil\",\"item\":\"https:\\\/\\\/psionic-storm.com\\\/fr\\\/\"},{\"@type\":\"ListItem\",\"position\":2,\"name\":\"Talent calculator\"}]},{\"@type\":\"WebSite\",\"@id\":\"https:\\\/\\\/psionic-storm.com\\\/fr\\\/#website\",\"url\":\"https:\\\/\\\/psionic-storm.com\\\/fr\\\/\",\"name\":\"Psionic Storm - L&#039;actualit\u00e9 Heroes of the Storm en Fran\u00e7ais\",\"description\":\"Toute l&#039;actualit\u00e9 sur le jeu Heroes of the Storm de Blizzard\",\"publisher\":{\"@id\":\"https:\\\/\\\/psionic-storm.com\\\/fr\\\/#organization\"},\"potentialAction\":[{\"@type\":\"SearchAction\",\"target\":{\"@type\":\"EntryPoint\",\"urlTemplate\":\"https:\\\/\\\/psionic-storm.com\\\/fr\\\/?s={search_term_string}\"},\"query-input\":{\"@type\":\"PropertyValueSpecification\",\"valueRequired\":true,\"valueName\":\"search_term_string\"}}],\"inLanguage\":\"fr-FR\"},{\"@type\":\"Organization\",\"@id\":\"https:\\\/\\\/psionic-storm.com\\\/fr\\\/#organization\",\"name\":\"Psionic Storm\",\"url\":\"https:\\\/\\\/psionic-storm.com\\\/fr\\\/\",\"logo\":{\"@type\":\"ImageObject\",\"inLanguage\":\"fr-FR\",\"@id\":\"https:\\\/\\\/psionic-storm.com\\\/fr\\\/#\\\/schema\\\/logo\\\/image\\\/\",\"url\":\"https:\\\/\\\/psionic-storm.com\\\/wp-content\\\/uploads\\\/2015\\\/04\\\/logo.png\",\"contentUrl\":\"https:\\\/\\\/psionic-storm.com\\\/wp-content\\\/uploads\\\/2015\\\/04\\\/logo.png\",\"width\":374,\"height\":158,\"caption\":\"Psionic Storm\"},\"image\":{\"@id\":\"https:\\\/\\\/psionic-storm.com\\\/fr\\\/#\\\/schema\\\/logo\\\/image\\\/\"},\"sameAs\":[\"https:\\\/\\\/www.facebook.com\\\/psionicstormfr\",\"https:\\\/\\\/x.com\\\/PsionicStormFR\",\"https:\\\/\\\/www.youtube.com\\\/channel\\\/UCqD35J5WYsEehJCjPqYXXNw\"]}]}<\/script>\n<!-- \/ Yoast SEO plugin. -->","yoast_head_json":{"title":"Calculateur de talents - Psionic Storm - L&#039;actualit\u00e9 Heroes of the Storm en Fran\u00e7ais","description":"Cr\u00e9ez et partagez vos s\u00e9lections de talents pour vos h\u00e9ros favoris dans notre calculateur de talents (builds instantan\u00e9s) avec tiers et stats de base","robots":{"index":"index","follow":"follow","max-snippet":"max-snippet:-1","max-image-preview":"max-image-preview:large","max-video-preview":"max-video-preview:-1"},"canonical":"https:\/\/psionic-storm.com\/fr\/talent-calculator\/","og_locale":"fr_FR","og_type":"article","og_title":"Calculateur de talents - Psionic Storm - L&#039;actualit\u00e9 Heroes of the Storm en Fran\u00e7ais","og_description":"Cr\u00e9ez et partagez vos s\u00e9lections de talents pour vos h\u00e9ros favoris dans notre calculateur de talents (builds instantan\u00e9s) avec tiers et stats de base","og_url":"https:\/\/psionic-storm.com\/fr\/talent-calculator\/","og_site_name":"Psionic Storm - L&#039;actualit\u00e9 Heroes of the Storm en Fran\u00e7ais","article_publisher":"https:\/\/www.facebook.com\/psionicstormfr","article_modified_time":"2020-12-12T12:27:30+00:00","og_image":[{"width":1200,"height":1200,"url":"https:\/\/psionic-storm.com\/wp-content\/uploads\/2015\/05\/DZN-Psionic_Storm-Z-Wallpaper-Social.jpg","type":"image\/jpeg"}],"twitter_card":"summary_large_image","twitter_site":"@PsionicStormFR","schema":{"@context":"https:\/\/schema.org","@graph":[{"@type":"WebPage","@id":"https:\/\/psionic-storm.com\/fr\/talent-calculator\/","url":"https:\/\/psionic-storm.com\/fr\/talent-calculator\/","name":"Calculateur de talents - Psionic Storm - L&#039;actualit\u00e9 Heroes of the Storm en Fran\u00e7ais","isPartOf":{"@id":"https:\/\/psionic-storm.com\/fr\/#website"},"datePublished":"2015-07-06T07:51:55+00:00","dateModified":"2020-12-12T12:27:30+00:00","description":"Cr\u00e9ez et partagez vos s\u00e9lections de talents pour vos h\u00e9ros favoris dans notre calculateur de talents (builds instantan\u00e9s) avec tiers et stats de base","breadcrumb":{"@id":"https:\/\/psionic-storm.com\/fr\/talent-calculator\/#breadcrumb"},"inLanguage":"fr-FR","potentialAction":[{"@type":"ReadAction","target":[["https:\/\/psionic-storm.com\/fr\/talent-calculator\/"]]}]},{"@type":"BreadcrumbList","@id":"https:\/\/psionic-storm.com\/fr\/talent-calculator\/#breadcrumb","itemListElement":[{"@type":"ListItem","position":1,"name":"Accueil","item":"https:\/\/psionic-storm.com\/fr\/"},{"@type":"ListItem","position":2,"name":"Talent calculator"}]},{"@type":"WebSite","@id":"https:\/\/psionic-storm.com\/fr\/#website","url":"https:\/\/psionic-storm.com\/fr\/","name":"Psionic Storm - L&#039;actualit\u00e9 Heroes of the Storm en Fran\u00e7ais","description":"Toute l&#039;actualit\u00e9 sur le jeu Heroes of the Storm de Blizzard","publisher":{"@id":"https:\/\/psionic-storm.com\/fr\/#organization"},"potentialAction":[{"@type":"SearchAction","target":{"@type":"EntryPoint","urlTemplate":"https:\/\/psionic-storm.com\/fr\/?s={search_term_string}"},"query-input":{"@type":"PropertyValueSpecification","valueRequired":true,"valueName":"search_term_string"}}],"inLanguage":"fr-FR"},{"@type":"Organization","@id":"https:\/\/psionic-storm.com\/fr\/#organization","name":"Psionic Storm","url":"https:\/\/psionic-storm.com\/fr\/","logo":{"@type":"ImageObject","inLanguage":"fr-FR","@id":"https:\/\/psionic-storm.com\/fr\/#\/schema\/logo\/image\/","url":"https:\/\/psionic-storm.com\/wp-content\/uploads\/2015\/04\/logo.png","contentUrl":"https:\/\/psionic-storm.com\/wp-content\/uploads\/2015\/04\/logo.png","width":374,"height":158,"caption":"Psionic Storm"},"image":{"@id":"https:\/\/psionic-storm.com\/fr\/#\/schema\/logo\/image\/"},"sameAs":["https:\/\/www.facebook.com\/psionicstormfr","https:\/\/x.com\/PsionicStormFR","https:\/\/www.youtube.com\/channel\/UCqD35J5WYsEehJCjPqYXXNw"]}]}},"jetpack_sharing_enabled":true,"jetpack_shortlink":"https:\/\/wp.me\/P6YPgm-tl","jetpack-related-posts":[{"id":25747,"url":"https:\/\/psionic-storm.com\/fr\/localizations\/","url_meta":{"origin":1819,"position":0},"title":"Localisations","author":"HerrVigg","date":"mercredi 23 d\u00e9cembre 2020","format":false,"excerpt":"Psionic Storm \u00e9tend ses fonctionalit\u00e9s d'internationalisation. L'action de traduire la contenu pour une langue ou r\u00e9gion est appel\u00e9 localisation (du terme anglais \"localization\") ou r\u00e9gionalisation. Cela concerne plusieurs \u00e9l\u00e9ments: interface web g\u00e9n\u00e9rale: menus, pages, tooltips. C'est un travail de traduction. contenu des articles: la plupart des articles sont en Francais\u2026","rel":"","context":"Article similaire","block_context":{"text":"Article similaire","link":""},"img":{"alt_text":"","src":"https:\/\/i0.wp.com\/psionic-storm.com\/wp-content\/uploads\/psionic_world.jpg?resize=350%2C200&ssl=1","width":350,"height":200,"srcset":"https:\/\/i0.wp.com\/psionic-storm.com\/wp-content\/uploads\/psionic_world.jpg?resize=350%2C200&ssl=1 1x, https:\/\/i0.wp.com\/psionic-storm.com\/wp-content\/uploads\/psionic_world.jpg?resize=525%2C300&ssl=1 1.5x, https:\/\/i0.wp.com\/psionic-storm.com\/wp-content\/uploads\/psionic_world.jpg?resize=700%2C400&ssl=1 2x"},"classes":[]}],"_links":{"self":[{"href":"https:\/\/psionic-storm.com\/fr\/wp-json\/wp\/v2\/pages\/1819","targetHints":{"allow":["GET"]}}],"collection":[{"href":"https:\/\/psionic-storm.com\/fr\/wp-json\/wp\/v2\/pages"}],"about":[{"href":"https:\/\/psionic-storm.com\/fr\/wp-json\/wp\/v2\/types\/page"}],"author":[{"embeddable":true,"href":"https:\/\/psionic-storm.com\/fr\/wp-json\/wp\/v2\/users\/1"}],"replies":[{"embeddable":true,"href":"https:\/\/psionic-storm.com\/fr\/wp-json\/wp\/v2\/comments?post=1819"}],"version-history":[{"count":1,"href":"https:\/\/psionic-storm.com\/fr\/wp-json\/wp\/v2\/pages\/1819\/revisions"}],"predecessor-version":[{"id":25737,"href":"https:\/\/psionic-storm.com\/fr\/wp-json\/wp\/v2\/pages\/1819\/revisions\/25737"}],"wp:attachment":[{"href":"https:\/\/psionic-storm.com\/fr\/wp-json\/wp\/v2\/media?parent=1819"}],"curies":[{"name":"wp","href":"https:\/\/api.w.org\/{rel}","templated":true}]}}