{"id":4446,"date":"2016-02-12T16:05:05","date_gmt":"2016-02-12T15:05:05","guid":{"rendered":"http:\/\/psionic-storm.com\/?page_id=4446"},"modified":"2017-06-12T19:31:46","modified_gmt":"2017-06-12T17:31:46","slug":"profile","status":"publish","type":"page","link":"https:\/\/psionic-storm.com\/fr\/profile\/","title":{"rendered":"Profile"},"content":{"rendered":"","protected":false},"excerpt":{"rendered":"<p> <a class=\"more-link\" href=\"https:\/\/psionic-storm.com\/fr\/profile\/\">Lire la suite&nbsp;&raquo;<\/a><\/p>\n","protected":false},"author":1,"featured_media":0,"parent":0,"menu_order":0,"comment_status":"closed","ping_status":"closed","template":"template-profile.php","meta":{"footnotes":""},"class_list":["post-4446","page","type-page","status-publish","hentry"],"yoast_head":"<!-- This site is optimized with the Yoast SEO plugin v27.6 - https:\/\/yoast.com\/product\/yoast-seo-wordpress\/ -->\n<title>Profile - Psionic Storm - L&#039;actualit\u00e9 Heroes of the Storm en Fran\u00e7ais<\/title>\n<meta name=\"robots\" content=\"index, follow, max-snippet:-1, max-image-preview:large, max-video-preview:-1\" \/>\n<link rel=\"canonical\" href=\"https:\/\/psionic-storm.com\/fr\/profile\/\" \/>\n<meta property=\"og:locale\" content=\"fr_FR\" \/>\n<meta property=\"og:type\" content=\"article\" \/>\n<meta property=\"og:title\" content=\"Profile - Psionic Storm - L&#039;actualit\u00e9 Heroes of the Storm en Fran\u00e7ais\" \/>\n<meta property=\"og:description\" content=\"Lire la suite&nbsp;&raquo;\" \/>\n<meta property=\"og:url\" content=\"https:\/\/psionic-storm.com\/fr\/profile\/\" \/>\n<meta property=\"og:site_name\" content=\"Psionic Storm - L&#039;actualit\u00e9 Heroes of the Storm en Fran\u00e7ais\" \/>\n<meta property=\"article:publisher\" content=\"https:\/\/www.facebook.com\/psionicstormfr\" \/>\n<meta property=\"article:modified_time\" content=\"2017-06-12T17:31:46+00:00\" \/>\n<meta property=\"og:image\" content=\"https:\/\/psionic-storm.com\/wp-content\/uploads\/2015\/05\/DZN-Psionic_Storm-Z-Wallpaper-Social.jpg\" \/>\n\t<meta property=\"og:image:width\" content=\"1200\" \/>\n\t<meta property=\"og:image:height\" content=\"1200\" \/>\n\t<meta property=\"og:image:type\" content=\"image\/jpeg\" \/>\n<meta name=\"twitter:card\" content=\"summary_large_image\" \/>\n<meta name=\"twitter:site\" content=\"@PsionicStormFR\" \/>\n<script type=\"application\/ld+json\" class=\"yoast-schema-graph\">{\"@context\":\"https:\\\/\\\/schema.org\",\"@graph\":[{\"@type\":\"WebPage\",\"@id\":\"https:\\\/\\\/psionic-storm.com\\\/fr\\\/profile\\\/\",\"url\":\"https:\\\/\\\/psionic-storm.com\\\/fr\\\/profile\\\/\",\"name\":\"Profile - Psionic Storm - L&#039;actualit\u00e9 Heroes of the Storm en Fran\u00e7ais\",\"isPartOf\":{\"@id\":\"https:\\\/\\\/psionic-storm.com\\\/fr\\\/#website\"},\"datePublished\":\"2016-02-12T15:05:05+00:00\",\"dateModified\":\"2017-06-12T17:31:46+00:00\",\"breadcrumb\":{\"@id\":\"https:\\\/\\\/psionic-storm.com\\\/fr\\\/profile\\\/#breadcrumb\"},\"inLanguage\":\"fr-FR\",\"potentialAction\":[{\"@type\":\"ReadAction\",\"target\":[[\"https:\\\/\\\/psionic-storm.com\\\/fr\\\/profile\\\/\"]]}]},{\"@type\":\"BreadcrumbList\",\"@id\":\"https:\\\/\\\/psionic-storm.com\\\/fr\\\/profile\\\/#breadcrumb\",\"itemListElement\":[{\"@type\":\"ListItem\",\"position\":1,\"name\":\"Accueil\",\"item\":\"https:\\\/\\\/psionic-storm.com\\\/fr\\\/\"},{\"@type\":\"ListItem\",\"position\":2,\"name\":\"Profile\"}]},{\"@type\":\"WebSite\",\"@id\":\"https:\\\/\\\/psionic-storm.com\\\/fr\\\/#website\",\"url\":\"https:\\\/\\\/psionic-storm.com\\\/fr\\\/\",\"name\":\"Psionic Storm - L&#039;actualit\u00e9 Heroes of the Storm en Fran\u00e7ais\",\"description\":\"Toute l&#039;actualit\u00e9 sur le jeu Heroes of the Storm de Blizzard\",\"publisher\":{\"@id\":\"https:\\\/\\\/psionic-storm.com\\\/fr\\\/#organization\"},\"potentialAction\":[{\"@type\":\"SearchAction\",\"target\":{\"@type\":\"EntryPoint\",\"urlTemplate\":\"https:\\\/\\\/psionic-storm.com\\\/fr\\\/?s={search_term_string}\"},\"query-input\":{\"@type\":\"PropertyValueSpecification\",\"valueRequired\":true,\"valueName\":\"search_term_string\"}}],\"inLanguage\":\"fr-FR\"},{\"@type\":\"Organization\",\"@id\":\"https:\\\/\\\/psionic-storm.com\\\/fr\\\/#organization\",\"name\":\"Psionic Storm\",\"url\":\"https:\\\/\\\/psionic-storm.com\\\/fr\\\/\",\"logo\":{\"@type\":\"ImageObject\",\"inLanguage\":\"fr-FR\",\"@id\":\"https:\\\/\\\/psionic-storm.com\\\/fr\\\/#\\\/schema\\\/logo\\\/image\\\/\",\"url\":\"https:\\\/\\\/psionic-storm.com\\\/wp-content\\\/uploads\\\/2015\\\/04\\\/logo.png\",\"contentUrl\":\"https:\\\/\\\/psionic-storm.com\\\/wp-content\\\/uploads\\\/2015\\\/04\\\/logo.png\",\"width\":374,\"height\":158,\"caption\":\"Psionic Storm\"},\"image\":{\"@id\":\"https:\\\/\\\/psionic-storm.com\\\/fr\\\/#\\\/schema\\\/logo\\\/image\\\/\"},\"sameAs\":[\"https:\\\/\\\/www.facebook.com\\\/psionicstormfr\",\"https:\\\/\\\/x.com\\\/PsionicStormFR\",\"https:\\\/\\\/www.youtube.com\\\/channel\\\/UCqD35J5WYsEehJCjPqYXXNw\"]}]}<\/script>\n<!-- \/ Yoast SEO plugin. -->","yoast_head_json":{"title":"Profile - Psionic Storm - L&#039;actualit\u00e9 Heroes of the Storm en Fran\u00e7ais","robots":{"index":"index","follow":"follow","max-snippet":"max-snippet:-1","max-image-preview":"max-image-preview:large","max-video-preview":"max-video-preview:-1"},"canonical":"https:\/\/psionic-storm.com\/fr\/profile\/","og_locale":"fr_FR","og_type":"article","og_title":"Profile - Psionic Storm - L&#039;actualit\u00e9 Heroes of the Storm en Fran\u00e7ais","og_description":"Lire la suite&nbsp;&raquo;","og_url":"https:\/\/psionic-storm.com\/fr\/profile\/","og_site_name":"Psionic Storm - L&#039;actualit\u00e9 Heroes of the Storm en Fran\u00e7ais","article_publisher":"https:\/\/www.facebook.com\/psionicstormfr","article_modified_time":"2017-06-12T17:31:46+00:00","og_image":[{"width":1200,"height":1200,"url":"https:\/\/psionic-storm.com\/wp-content\/uploads\/2015\/05\/DZN-Psionic_Storm-Z-Wallpaper-Social.jpg","type":"image\/jpeg"}],"twitter_card":"summary_large_image","twitter_site":"@PsionicStormFR","schema":{"@context":"https:\/\/schema.org","@graph":[{"@type":"WebPage","@id":"https:\/\/psionic-storm.com\/fr\/profile\/","url":"https:\/\/psionic-storm.com\/fr\/profile\/","name":"Profile - Psionic Storm - L&#039;actualit\u00e9 Heroes of the Storm en Fran\u00e7ais","isPartOf":{"@id":"https:\/\/psionic-storm.com\/fr\/#website"},"datePublished":"2016-02-12T15:05:05+00:00","dateModified":"2017-06-12T17:31:46+00:00","breadcrumb":{"@id":"https:\/\/psionic-storm.com\/fr\/profile\/#breadcrumb"},"inLanguage":"fr-FR","potentialAction":[{"@type":"ReadAction","target":[["https:\/\/psionic-storm.com\/fr\/profile\/"]]}]},{"@type":"BreadcrumbList","@id":"https:\/\/psionic-storm.com\/fr\/profile\/#breadcrumb","itemListElement":[{"@type":"ListItem","position":1,"name":"Accueil","item":"https:\/\/psionic-storm.com\/fr\/"},{"@type":"ListItem","position":2,"name":"Profile"}]},{"@type":"WebSite","@id":"https:\/\/psionic-storm.com\/fr\/#website","url":"https:\/\/psionic-storm.com\/fr\/","name":"Psionic Storm - L&#039;actualit\u00e9 Heroes of the Storm en Fran\u00e7ais","description":"Toute l&#039;actualit\u00e9 sur le jeu Heroes of the Storm de Blizzard","publisher":{"@id":"https:\/\/psionic-storm.com\/fr\/#organization"},"potentialAction":[{"@type":"SearchAction","target":{"@type":"EntryPoint","urlTemplate":"https:\/\/psionic-storm.com\/fr\/?s={search_term_string}"},"query-input":{"@type":"PropertyValueSpecification","valueRequired":true,"valueName":"search_term_string"}}],"inLanguage":"fr-FR"},{"@type":"Organization","@id":"https:\/\/psionic-storm.com\/fr\/#organization","name":"Psionic Storm","url":"https:\/\/psionic-storm.com\/fr\/","logo":{"@type":"ImageObject","inLanguage":"fr-FR","@id":"https:\/\/psionic-storm.com\/fr\/#\/schema\/logo\/image\/","url":"https:\/\/psionic-storm.com\/wp-content\/uploads\/2015\/04\/logo.png","contentUrl":"https:\/\/psionic-storm.com\/wp-content\/uploads\/2015\/04\/logo.png","width":374,"height":158,"caption":"Psionic Storm"},"image":{"@id":"https:\/\/psionic-storm.com\/fr\/#\/schema\/logo\/image\/"},"sameAs":["https:\/\/www.facebook.com\/psionicstormfr","https:\/\/x.com\/PsionicStormFR","https:\/\/www.youtube.com\/channel\/UCqD35J5WYsEehJCjPqYXXNw"]}]}},"jetpack_sharing_enabled":true,"jetpack_shortlink":"https:\/\/wp.me\/P6YPgm-19I","jetpack-related-posts":[{"id":14794,"url":"https:\/\/psionic-storm.com\/fr\/privacy-policy\/","url_meta":{"origin":4446,"position":0},"title":"Politique de confidentialit\u00e9","author":"HerrVigg","date":"vendredi  3 ao\u00fbt 2018","format":false,"excerpt":"Qui sommes-nous ? Psionic Storm (https:\/\/psionic-storm.com) est un fan site ind\u00e9pendant pour Heroes of the Storm (jeu Blizzard). Notre but est d'offrir les meilleurs outils et un contenu original pour la communaut\u00e9 de notre jeu favori. Utilisation des donn\u00e9es personnelles collect\u00e9es Nous prenons la protection de vos donn\u00e9es personnelles tr\u00e8s\u2026","rel":"","context":"Article similaire","block_context":{"text":"Article similaire","link":""},"img":{"alt_text":"","src":"","width":0,"height":0},"classes":[]}],"_links":{"self":[{"href":"https:\/\/psionic-storm.com\/fr\/wp-json\/wp\/v2\/pages\/4446","targetHints":{"allow":["GET"]}}],"collection":[{"href":"https:\/\/psionic-storm.com\/fr\/wp-json\/wp\/v2\/pages"}],"about":[{"href":"https:\/\/psionic-storm.com\/fr\/wp-json\/wp\/v2\/types\/page"}],"author":[{"embeddable":true,"href":"https:\/\/psionic-storm.com\/fr\/wp-json\/wp\/v2\/users\/1"}],"replies":[{"embeddable":true,"href":"https:\/\/psionic-storm.com\/fr\/wp-json\/wp\/v2\/comments?post=4446"}],"version-history":[{"count":0,"href":"https:\/\/psionic-storm.com\/fr\/wp-json\/wp\/v2\/pages\/4446\/revisions"}],"wp:attachment":[{"href":"https:\/\/psionic-storm.com\/fr\/wp-json\/wp\/v2\/media?parent=4446"}],"curies":[{"name":"wp","href":"https:\/\/api.w.org\/{rel}","templated":true}]}}