{"id":6499,"date":"2016-05-10T17:41:03","date_gmt":"2016-05-10T15:41:03","guid":{"rendered":"http:\/\/psionic-storm.com\/?page_id=6499"},"modified":"2018-10-26T13:16:13","modified_gmt":"2018-10-26T11:16:13","slug":"game-stats","status":"publish","type":"page","link":"https:\/\/psionic-storm.com\/fr\/game-stats\/","title":{"rendered":"Statistique des h\u00e9ros"},"content":{"rendered":"","protected":false},"excerpt":{"rendered":"<p> <a class=\"more-link\" href=\"https:\/\/psionic-storm.com\/fr\/game-stats\/\">Lire la suite&nbsp;&raquo;<\/a><\/p>\n","protected":false},"author":67,"featured_media":0,"parent":0,"menu_order":0,"comment_status":"closed","ping_status":"closed","template":"template-game-stats.php","meta":{"jetpack_post_was_ever_published":false,"footnotes":""},"class_list":["post-6499","page","type-page","status-publish","hentry"],"yoast_head":"<!-- This site is optimized with the Yoast SEO plugin v26.9 - https:\/\/yoast.com\/product\/yoast-seo-wordpress\/ -->\n<title>Statistique des h\u00e9ros - Psionic Storm - L&#039;actualit\u00e9 Heroes of the Storm en Fran\u00e7ais<\/title>\n<meta name=\"description\" content=\"Visualisez les statistiques de classement des h\u00e9ros mises \u00e0 jour en live pour la Ligue H\u00e9ro\u00efque (HL), Ligue par Equipes (TL) et Partie Rapide (QM)\" \/>\n<meta name=\"robots\" content=\"index, follow, max-snippet:-1, max-image-preview:large, max-video-preview:-1\" \/>\n<link rel=\"canonical\" href=\"https:\/\/psionic-storm.com\/fr\/game-stats\/\" \/>\n<meta property=\"og:locale\" content=\"fr_FR\" \/>\n<meta property=\"og:type\" content=\"article\" \/>\n<meta property=\"og:title\" content=\"Classement des h\u00e9ros\" \/>\n<meta property=\"og:description\" content=\"Les statistiques concernent la moyenne en Hero League tous niveaux de joueurs confondus de HOTS Logs* sur une p\u00e9riode de 7 jours glissants. Nous pr\u00e9sentons des donn\u00e9es reguli\u00e8rement mises \u00e0 jour dans un tableau enrichi. Survolez les filtres et les colonnes pour avoir une description.\" \/>\n<meta property=\"og:url\" content=\"https:\/\/psionic-storm.com\/fr\/game-stats\/\" \/>\n<meta property=\"og:site_name\" content=\"Psionic Storm - L&#039;actualit\u00e9 Heroes of the Storm en Fran\u00e7ais\" \/>\n<meta property=\"article:publisher\" content=\"https:\/\/www.facebook.com\/psionicstormfr\" \/>\n<meta property=\"article:modified_time\" content=\"2018-10-26T11:16:13+00:00\" \/>\n<meta property=\"og:image\" content=\"https:\/\/psionic-storm.com\/wp-content\/uploads\/psionic-storm-classement-des-heros.jpg\" \/>\n\t<meta property=\"og:image:width\" content=\"900\" \/>\n\t<meta property=\"og:image:height\" content=\"500\" \/>\n\t<meta property=\"og:image:type\" content=\"image\/jpeg\" \/>\n<meta name=\"twitter:card\" content=\"summary_large_image\" \/>\n<meta name=\"twitter:title\" content=\"Classement des h\u00e9ros\" \/>\n<meta name=\"twitter:description\" content=\"Les statistiques concernent la moyenne en Hero League tous niveaux de joueurs confondus de HOTS Logs* sur une p\u00e9riode de 7 jours glissants. Nous pr\u00e9sentons des donn\u00e9es reguli\u00e8rement mises \u00e0 jour dans un tableau enrichi. Survolez les filtres et les colonnes pour avoir une description.\" \/>\n<meta name=\"twitter:image\" content=\"https:\/\/psionic-storm.com\/wp-content\/uploads\/psionic-storm-classement-des-heros.jpg\" \/>\n<meta name=\"twitter:site\" content=\"@PsionicStormFR\" \/>\n<script type=\"application\/ld+json\" class=\"yoast-schema-graph\">{\"@context\":\"https:\/\/schema.org\",\"@graph\":[{\"@type\":\"WebPage\",\"@id\":\"https:\/\/psionic-storm.com\/fr\/game-stats\/\",\"url\":\"https:\/\/psionic-storm.com\/fr\/game-stats\/\",\"name\":\"Statistique des h\u00e9ros - Psionic Storm - L&#039;actualit\u00e9 Heroes of the Storm en Fran\u00e7ais\",\"isPartOf\":{\"@id\":\"https:\/\/psionic-storm.com\/fr\/#website\"},\"datePublished\":\"2016-05-10T15:41:03+00:00\",\"dateModified\":\"2018-10-26T11:16:13+00:00\",\"description\":\"Visualisez les statistiques de classement des h\u00e9ros mises \u00e0 jour en live pour la Ligue H\u00e9ro\u00efque (HL), Ligue par Equipes (TL) et Partie Rapide (QM)\",\"breadcrumb\":{\"@id\":\"https:\/\/psionic-storm.com\/fr\/game-stats\/#breadcrumb\"},\"inLanguage\":\"fr-FR\",\"potentialAction\":[{\"@type\":\"ReadAction\",\"target\":[[\"https:\/\/psionic-storm.com\/fr\/game-stats\/\"]]}]},{\"@type\":\"BreadcrumbList\",\"@id\":\"https:\/\/psionic-storm.com\/fr\/game-stats\/#breadcrumb\",\"itemListElement\":[{\"@type\":\"ListItem\",\"position\":1,\"name\":\"Accueil\",\"item\":\"https:\/\/psionic-storm.com\/fr\/\"},{\"@type\":\"ListItem\",\"position\":2,\"name\":\"Hero stats\"}]},{\"@type\":\"WebSite\",\"@id\":\"https:\/\/psionic-storm.com\/fr\/#website\",\"url\":\"https:\/\/psionic-storm.com\/fr\/\",\"name\":\"Psionic Storm - L&#039;actualit\u00e9 Heroes of the Storm en Fran\u00e7ais\",\"description\":\"Toute l&#039;actualit\u00e9 sur le jeu Heroes of the Storm de Blizzard\",\"publisher\":{\"@id\":\"https:\/\/psionic-storm.com\/fr\/#organization\"},\"potentialAction\":[{\"@type\":\"SearchAction\",\"target\":{\"@type\":\"EntryPoint\",\"urlTemplate\":\"https:\/\/psionic-storm.com\/fr\/?s={search_term_string}\"},\"query-input\":{\"@type\":\"PropertyValueSpecification\",\"valueRequired\":true,\"valueName\":\"search_term_string\"}}],\"inLanguage\":\"fr-FR\"},{\"@type\":\"Organization\",\"@id\":\"https:\/\/psionic-storm.com\/fr\/#organization\",\"name\":\"Psionic Storm\",\"url\":\"https:\/\/psionic-storm.com\/fr\/\",\"logo\":{\"@type\":\"ImageObject\",\"inLanguage\":\"fr-FR\",\"@id\":\"https:\/\/psionic-storm.com\/fr\/#\/schema\/logo\/image\/\",\"url\":\"https:\/\/psionic-storm.com\/wp-content\/uploads\/2015\/04\/logo.png\",\"contentUrl\":\"https:\/\/psionic-storm.com\/wp-content\/uploads\/2015\/04\/logo.png\",\"width\":374,\"height\":158,\"caption\":\"Psionic Storm\"},\"image\":{\"@id\":\"https:\/\/psionic-storm.com\/fr\/#\/schema\/logo\/image\/\"},\"sameAs\":[\"https:\/\/www.facebook.com\/psionicstormfr\",\"https:\/\/x.com\/PsionicStormFR\",\"https:\/\/www.youtube.com\/channel\/UCqD35J5WYsEehJCjPqYXXNw\"]}]}<\/script>\n<!-- \/ Yoast SEO plugin. -->","yoast_head_json":{"title":"Statistique des h\u00e9ros - Psionic Storm - L&#039;actualit\u00e9 Heroes of the Storm en Fran\u00e7ais","description":"Visualisez les statistiques de classement des h\u00e9ros mises \u00e0 jour en live pour la Ligue H\u00e9ro\u00efque (HL), Ligue par Equipes (TL) et Partie Rapide (QM)","robots":{"index":"index","follow":"follow","max-snippet":"max-snippet:-1","max-image-preview":"max-image-preview:large","max-video-preview":"max-video-preview:-1"},"canonical":"https:\/\/psionic-storm.com\/fr\/game-stats\/","og_locale":"fr_FR","og_type":"article","og_title":"Classement des h\u00e9ros","og_description":"Les statistiques concernent la moyenne en Hero League tous niveaux de joueurs confondus de HOTS Logs* sur une p\u00e9riode de 7 jours glissants. Nous pr\u00e9sentons des donn\u00e9es reguli\u00e8rement mises \u00e0 jour dans un tableau enrichi. Survolez les filtres et les colonnes pour avoir une description.","og_url":"https:\/\/psionic-storm.com\/fr\/game-stats\/","og_site_name":"Psionic Storm - L&#039;actualit\u00e9 Heroes of the Storm en Fran\u00e7ais","article_publisher":"https:\/\/www.facebook.com\/psionicstormfr","article_modified_time":"2018-10-26T11:16:13+00:00","og_image":[{"width":900,"height":500,"url":"https:\/\/psionic-storm.com\/wp-content\/uploads\/psionic-storm-classement-des-heros.jpg","type":"image\/jpeg"}],"twitter_card":"summary_large_image","twitter_title":"Classement des h\u00e9ros","twitter_description":"Les statistiques concernent la moyenne en Hero League tous niveaux de joueurs confondus de HOTS Logs* sur une p\u00e9riode de 7 jours glissants. Nous pr\u00e9sentons des donn\u00e9es reguli\u00e8rement mises \u00e0 jour dans un tableau enrichi. Survolez les filtres et les colonnes pour avoir une description.","twitter_image":"https:\/\/psionic-storm.com\/wp-content\/uploads\/psionic-storm-classement-des-heros.jpg","twitter_site":"@PsionicStormFR","schema":{"@context":"https:\/\/schema.org","@graph":[{"@type":"WebPage","@id":"https:\/\/psionic-storm.com\/fr\/game-stats\/","url":"https:\/\/psionic-storm.com\/fr\/game-stats\/","name":"Statistique des h\u00e9ros - Psionic Storm - L&#039;actualit\u00e9 Heroes of the Storm en Fran\u00e7ais","isPartOf":{"@id":"https:\/\/psionic-storm.com\/fr\/#website"},"datePublished":"2016-05-10T15:41:03+00:00","dateModified":"2018-10-26T11:16:13+00:00","description":"Visualisez les statistiques de classement des h\u00e9ros mises \u00e0 jour en live pour la Ligue H\u00e9ro\u00efque (HL), Ligue par Equipes (TL) et Partie Rapide (QM)","breadcrumb":{"@id":"https:\/\/psionic-storm.com\/fr\/game-stats\/#breadcrumb"},"inLanguage":"fr-FR","potentialAction":[{"@type":"ReadAction","target":[["https:\/\/psionic-storm.com\/fr\/game-stats\/"]]}]},{"@type":"BreadcrumbList","@id":"https:\/\/psionic-storm.com\/fr\/game-stats\/#breadcrumb","itemListElement":[{"@type":"ListItem","position":1,"name":"Accueil","item":"https:\/\/psionic-storm.com\/fr\/"},{"@type":"ListItem","position":2,"name":"Hero stats"}]},{"@type":"WebSite","@id":"https:\/\/psionic-storm.com\/fr\/#website","url":"https:\/\/psionic-storm.com\/fr\/","name":"Psionic Storm - L&#039;actualit\u00e9 Heroes of the Storm en Fran\u00e7ais","description":"Toute l&#039;actualit\u00e9 sur le jeu Heroes of the Storm de Blizzard","publisher":{"@id":"https:\/\/psionic-storm.com\/fr\/#organization"},"potentialAction":[{"@type":"SearchAction","target":{"@type":"EntryPoint","urlTemplate":"https:\/\/psionic-storm.com\/fr\/?s={search_term_string}"},"query-input":{"@type":"PropertyValueSpecification","valueRequired":true,"valueName":"search_term_string"}}],"inLanguage":"fr-FR"},{"@type":"Organization","@id":"https:\/\/psionic-storm.com\/fr\/#organization","name":"Psionic Storm","url":"https:\/\/psionic-storm.com\/fr\/","logo":{"@type":"ImageObject","inLanguage":"fr-FR","@id":"https:\/\/psionic-storm.com\/fr\/#\/schema\/logo\/image\/","url":"https:\/\/psionic-storm.com\/wp-content\/uploads\/2015\/04\/logo.png","contentUrl":"https:\/\/psionic-storm.com\/wp-content\/uploads\/2015\/04\/logo.png","width":374,"height":158,"caption":"Psionic Storm"},"image":{"@id":"https:\/\/psionic-storm.com\/fr\/#\/schema\/logo\/image\/"},"sameAs":["https:\/\/www.facebook.com\/psionicstormfr","https:\/\/x.com\/PsionicStormFR","https:\/\/www.youtube.com\/channel\/UCqD35J5WYsEehJCjPqYXXNw"]}]}},"jetpack_sharing_enabled":true,"jetpack_shortlink":"https:\/\/wp.me\/P6YPgm-1GP","jetpack-related-posts":[{"id":25747,"url":"https:\/\/psionic-storm.com\/fr\/localizations\/","url_meta":{"origin":6499,"position":0},"title":"Localisations","author":"HerrVigg","date":"mercredi 23 d\u00e9cembre 2020","format":false,"excerpt":"Psionic Storm \u00e9tend ses fonctionalit\u00e9s d'internationalisation. L'action de traduire la contenu pour une langue ou r\u00e9gion est appel\u00e9 localisation (du terme anglais \"localization\") ou r\u00e9gionalisation. Cela concerne plusieurs \u00e9l\u00e9ments: interface web g\u00e9n\u00e9rale: menus, pages, tooltips. C'est un travail de traduction. contenu des articles: la plupart des articles sont en Francais\u2026","rel":"","context":"Article similaire","block_context":{"text":"Article similaire","link":""},"img":{"alt_text":"","src":"https:\/\/i0.wp.com\/psionic-storm.com\/wp-content\/uploads\/psionic_world.jpg?resize=350%2C200&ssl=1","width":350,"height":200,"srcset":"https:\/\/i0.wp.com\/psionic-storm.com\/wp-content\/uploads\/psionic_world.jpg?resize=350%2C200&ssl=1 1x, https:\/\/i0.wp.com\/psionic-storm.com\/wp-content\/uploads\/psionic_world.jpg?resize=525%2C300&ssl=1 1.5x, https:\/\/i0.wp.com\/psionic-storm.com\/wp-content\/uploads\/psionic_world.jpg?resize=700%2C400&ssl=1 2x"},"classes":[]},{"id":14794,"url":"https:\/\/psionic-storm.com\/fr\/privacy-policy\/","url_meta":{"origin":6499,"position":1},"title":"Politique de confidentialit\u00e9","author":"HerrVigg","date":"vendredi  3 ao\u00fbt 2018","format":false,"excerpt":"Qui sommes-nous ? Psionic Storm (https:\/\/psionic-storm.com) est un fan site ind\u00e9pendant pour Heroes of the Storm (jeu Blizzard). Notre but est d'offrir les meilleurs outils et un contenu original pour la communaut\u00e9 de notre jeu favori. Utilisation des donn\u00e9es personnelles collect\u00e9es Nous prenons la protection de vos donn\u00e9es personnelles tr\u00e8s\u2026","rel":"","context":"Article similaire","block_context":{"text":"Article similaire","link":""},"img":{"alt_text":"","src":"","width":0,"height":0},"classes":[]}],"_links":{"self":[{"href":"https:\/\/psionic-storm.com\/fr\/wp-json\/wp\/v2\/pages\/6499","targetHints":{"allow":["GET"]}}],"collection":[{"href":"https:\/\/psionic-storm.com\/fr\/wp-json\/wp\/v2\/pages"}],"about":[{"href":"https:\/\/psionic-storm.com\/fr\/wp-json\/wp\/v2\/types\/page"}],"author":[{"embeddable":true,"href":"https:\/\/psionic-storm.com\/fr\/wp-json\/wp\/v2\/users\/67"}],"replies":[{"embeddable":true,"href":"https:\/\/psionic-storm.com\/fr\/wp-json\/wp\/v2\/comments?post=6499"}],"version-history":[{"count":0,"href":"https:\/\/psionic-storm.com\/fr\/wp-json\/wp\/v2\/pages\/6499\/revisions"}],"wp:attachment":[{"href":"https:\/\/psionic-storm.com\/fr\/wp-json\/wp\/v2\/media?parent=6499"}],"curies":[{"name":"wp","href":"https:\/\/api.w.org\/{rel}","templated":true}]}}