{"id":8235,"date":"2016-09-22T15:55:26","date_gmt":"2016-09-22T13:55:26","guid":{"rendered":"http:\/\/psionic-storm.com\/?page_id=8235"},"modified":"2019-04-29T01:36:39","modified_gmt":"2019-04-28T23:36:39","slug":"hero-releases","status":"publish","type":"page","link":"https:\/\/psionic-storm.com\/fr\/hero-releases\/","title":{"rendered":"Historique de sortie des h\u00e9ros"},"content":{"rendered":"<p><a href=\"https:\/\/psionic-storm.com\/wp-content\/uploads\/psionic-storm-historique-des-sorties-des-heros.jpg\" rel=\"attachment wp-att-5766\" data-rel=\"lightbox-image-0\" data-rl_title=\"\" data-rl_caption=\"\" title=\"\"><img loading=\"lazy\" decoding=\"async\" width=\"896\" height=\"498\" src=\"https:\/\/psionic-storm.com\/wp-content\/uploads\/psionic-storm-historique-des-sorties-des-heros-896x498.jpg\" alt=\"Psionic Storm Historique des sorties des h\u00e9ros\" class=\"aligncenter size-large wp-image-5766\" srcset=\"https:\/\/psionic-storm.com\/wp-content\/uploads\/psionic-storm-historique-des-sorties-des-heros-896x498.jpg 896w, https:\/\/psionic-storm.com\/wp-content\/uploads\/psionic-storm-historique-des-sorties-des-heros-600x333.jpg 600w, https:\/\/psionic-storm.com\/wp-content\/uploads\/psionic-storm-historique-des-sorties-des-heros-768x427.jpg 768w, https:\/\/psionic-storm.com\/wp-content\/uploads\/psionic-storm-historique-des-sorties-des-heros.jpg 900w\" sizes=\"(max-width: 896px) 100vw, 896px\" \/><\/a><\/p>\n<h1>Sorties des h\u00e9ros<\/h1>\n<p>Voici l&rsquo;historique des sorties de tous les h\u00e9ros ainsi que les liens vers les patch notes (\u00e0 partir de la cr\u00e9ation du site Psionic Storm). Les dates sont les sorties officielles en r\u00e9gion US (+1 jour pour EU en g\u00e9n\u00e9ral).<\/p>","protected":false},"excerpt":{"rendered":"<p><a href=\"https:\/\/psionic-storm.com\/wp-content\/uploads\/psionic-storm-historique-des-sorties-des-heros.jpg\" rel=\"attachment wp-att-5766\" data-rel=\"lightbox-image-0\" data-rl_title=\"\" data-rl_caption=\"\" title=\"\"><\/a><\/p>\n<h1>Hero releases<\/h1>\n<p>Here is the history of the hero release dates for the US region (+1 day for EU in general).<a href=\"https:\/\/psionic-storm.com\/wp-content\/uploads\/psionic-storm-historique-des-sorties-des-heros.jpg\" rel=\"attachment wp-att-5766\" data-rel=\"lightbox-image-0\" data-rl_title=\"\" data-rl_caption=\"\" title=\"\"><\/a><\/p>\n<h1>Sorties des h\u00e9ros<\/h1>\n<p>Voici l&rsquo;historique des sorties de tous les h\u00e9ros ainsi que les liens vers les patch notes (\u00e0 partir de la cr\u00e9ation du site Psionic Storm). Les dates sont les sorties officielles en r\u00e9gion US (+1 jour pour EU en g\u00e9n\u00e9ral).<\/p>\n<p> <a class=\"more-link\" href=\"https:\/\/psionic-storm.com\/fr\/hero-releases\/\">Lire la suite&nbsp;&raquo;<\/a><\/p>\n","protected":false},"author":67,"featured_media":0,"parent":0,"menu_order":0,"comment_status":"closed","ping_status":"closed","template":"template-hero-releases.php","meta":{"jetpack_post_was_ever_published":false,"footnotes":""},"class_list":["post-8235","page","type-page","status-publish","hentry"],"yoast_head":"<!-- This site is optimized with the Yoast SEO plugin v27.3 - https:\/\/yoast.com\/product\/yoast-seo-wordpress\/ -->\n<title>Historique de sortie des h\u00e9ros - Psionic Storm - L&#039;actualit\u00e9 Heroes of the Storm en Fran\u00e7ais<\/title>\n<meta name=\"robots\" content=\"index, follow, max-snippet:-1, max-image-preview:large, max-video-preview:-1\" \/>\n<link rel=\"canonical\" href=\"https:\/\/psionic-storm.com\/fr\/hero-releases\/\" \/>\n<meta property=\"og:locale\" content=\"fr_FR\" \/>\n<meta property=\"og:type\" content=\"article\" \/>\n<meta property=\"og:title\" content=\"Historique de sortie des h\u00e9ros - Psionic Storm - L&#039;actualit\u00e9 Heroes of the Storm en Fran\u00e7ais\" \/>\n<meta property=\"og:description\" content=\"Hero releases Here is the history of the hero release dates for the US region (+1 day for EU in general). Sorties des h\u00e9ros Voici l&rsquo;historique des sorties de tous les h\u00e9ros ainsi que les liens vers les patch notes (\u00e0 partir de la cr\u00e9ation du site Psionic Storm). Les dates sont les sorties officielles en r\u00e9gion US (+1 jour pour EU en g\u00e9n\u00e9ral). Lire la suite&nbsp;&raquo;\" \/>\n<meta property=\"og:url\" content=\"https:\/\/psionic-storm.com\/fr\/hero-releases\/\" \/>\n<meta property=\"og:site_name\" content=\"Psionic Storm - L&#039;actualit\u00e9 Heroes of the Storm en Fran\u00e7ais\" \/>\n<meta property=\"article:publisher\" content=\"https:\/\/www.facebook.com\/psionicstormfr\" \/>\n<meta property=\"article:modified_time\" content=\"2019-04-28T23:36:39+00:00\" \/>\n<meta property=\"og:image\" content=\"https:\/\/psionic-storm.com\/wp-content\/uploads\/psionic-storm-historique-des-sorties-des-heros-896x498.jpg\" \/>\n<meta name=\"twitter:card\" content=\"summary_large_image\" \/>\n<meta name=\"twitter:site\" content=\"@PsionicStormFR\" \/>\n<script type=\"application\/ld+json\" class=\"yoast-schema-graph\">{\"@context\":\"https:\\\/\\\/schema.org\",\"@graph\":[{\"@type\":\"WebPage\",\"@id\":\"https:\\\/\\\/psionic-storm.com\\\/fr\\\/hero-releases\\\/\",\"url\":\"https:\\\/\\\/psionic-storm.com\\\/fr\\\/hero-releases\\\/\",\"name\":\"Historique de sortie des h\u00e9ros - Psionic Storm - L&#039;actualit\u00e9 Heroes of the Storm en Fran\u00e7ais\",\"isPartOf\":{\"@id\":\"https:\\\/\\\/psionic-storm.com\\\/fr\\\/#website\"},\"primaryImageOfPage\":{\"@id\":\"https:\\\/\\\/psionic-storm.com\\\/fr\\\/hero-releases\\\/#primaryimage\"},\"image\":{\"@id\":\"https:\\\/\\\/psionic-storm.com\\\/hero-releases\\\/#primaryimage\"},\"thumbnailUrl\":\"https:\\\/\\\/psionic-storm.com\\\/wp-content\\\/uploads\\\/psionic-storm-historique-des-sorties-des-heros-896x498.jpg\",\"datePublished\":\"2016-09-22T13:55:26+00:00\",\"dateModified\":\"2019-04-28T23:36:39+00:00\",\"breadcrumb\":{\"@id\":\"https:\\\/\\\/psionic-storm.com\\\/fr\\\/hero-releases\\\/#breadcrumb\"},\"inLanguage\":\"fr-FR\",\"potentialAction\":[{\"@type\":\"ReadAction\",\"target\":[[\"https:\\\/\\\/psionic-storm.com\\\/fr\\\/hero-releases\\\/\"]]}]},{\"@type\":\"ImageObject\",\"inLanguage\":\"fr-FR\",\"@id\":\"https:\\\/\\\/psionic-storm.com\\\/fr\\\/hero-releases\\\/#primaryimage\",\"url\":\"https:\\\/\\\/psionic-storm.com\\\/wp-content\\\/uploads\\\/psionic-storm-historique-des-sorties-des-heros-896x498.jpg\",\"contentUrl\":\"https:\\\/\\\/psionic-storm.com\\\/wp-content\\\/uploads\\\/psionic-storm-historique-des-sorties-des-heros-896x498.jpg\"},{\"@type\":\"BreadcrumbList\",\"@id\":\"https:\\\/\\\/psionic-storm.com\\\/fr\\\/hero-releases\\\/#breadcrumb\",\"itemListElement\":[{\"@type\":\"ListItem\",\"position\":1,\"name\":\"Accueil\",\"item\":\"https:\\\/\\\/psionic-storm.com\\\/fr\\\/\"},{\"@type\":\"ListItem\",\"position\":2,\"name\":\"Hero releases\"}]},{\"@type\":\"WebSite\",\"@id\":\"https:\\\/\\\/psionic-storm.com\\\/fr\\\/#website\",\"url\":\"https:\\\/\\\/psionic-storm.com\\\/fr\\\/\",\"name\":\"Psionic Storm - L&#039;actualit\u00e9 Heroes of the Storm en Fran\u00e7ais\",\"description\":\"Toute l&#039;actualit\u00e9 sur le jeu Heroes of the Storm de Blizzard\",\"publisher\":{\"@id\":\"https:\\\/\\\/psionic-storm.com\\\/fr\\\/#organization\"},\"potentialAction\":[{\"@type\":\"SearchAction\",\"target\":{\"@type\":\"EntryPoint\",\"urlTemplate\":\"https:\\\/\\\/psionic-storm.com\\\/fr\\\/?s={search_term_string}\"},\"query-input\":{\"@type\":\"PropertyValueSpecification\",\"valueRequired\":true,\"valueName\":\"search_term_string\"}}],\"inLanguage\":\"fr-FR\"},{\"@type\":\"Organization\",\"@id\":\"https:\\\/\\\/psionic-storm.com\\\/fr\\\/#organization\",\"name\":\"Psionic Storm\",\"url\":\"https:\\\/\\\/psionic-storm.com\\\/fr\\\/\",\"logo\":{\"@type\":\"ImageObject\",\"inLanguage\":\"fr-FR\",\"@id\":\"https:\\\/\\\/psionic-storm.com\\\/fr\\\/#\\\/schema\\\/logo\\\/image\\\/\",\"url\":\"https:\\\/\\\/psionic-storm.com\\\/wp-content\\\/uploads\\\/2015\\\/04\\\/logo.png\",\"contentUrl\":\"https:\\\/\\\/psionic-storm.com\\\/wp-content\\\/uploads\\\/2015\\\/04\\\/logo.png\",\"width\":374,\"height\":158,\"caption\":\"Psionic Storm\"},\"image\":{\"@id\":\"https:\\\/\\\/psionic-storm.com\\\/fr\\\/#\\\/schema\\\/logo\\\/image\\\/\"},\"sameAs\":[\"https:\\\/\\\/www.facebook.com\\\/psionicstormfr\",\"https:\\\/\\\/x.com\\\/PsionicStormFR\",\"https:\\\/\\\/www.youtube.com\\\/channel\\\/UCqD35J5WYsEehJCjPqYXXNw\"]}]}<\/script>\n<!-- \/ Yoast SEO plugin. -->","yoast_head_json":{"title":"Historique de sortie des h\u00e9ros - Psionic Storm - L&#039;actualit\u00e9 Heroes of the Storm en Fran\u00e7ais","robots":{"index":"index","follow":"follow","max-snippet":"max-snippet:-1","max-image-preview":"max-image-preview:large","max-video-preview":"max-video-preview:-1"},"canonical":"https:\/\/psionic-storm.com\/fr\/hero-releases\/","og_locale":"fr_FR","og_type":"article","og_title":"Historique de sortie des h\u00e9ros - Psionic Storm - L&#039;actualit\u00e9 Heroes of the Storm en Fran\u00e7ais","og_description":"Hero releases Here is the history of the hero release dates for the US region (+1 day for EU in general). Sorties des h\u00e9ros Voici l&rsquo;historique des sorties de tous les h\u00e9ros ainsi que les liens vers les patch notes (\u00e0 partir de la cr\u00e9ation du site Psionic Storm). Les dates sont les sorties officielles en r\u00e9gion US (+1 jour pour EU en g\u00e9n\u00e9ral). Lire la suite&nbsp;&raquo;","og_url":"https:\/\/psionic-storm.com\/fr\/hero-releases\/","og_site_name":"Psionic Storm - L&#039;actualit\u00e9 Heroes of the Storm en Fran\u00e7ais","article_publisher":"https:\/\/www.facebook.com\/psionicstormfr","article_modified_time":"2019-04-28T23:36:39+00:00","og_image":[{"url":"https:\/\/psionic-storm.com\/wp-content\/uploads\/psionic-storm-historique-des-sorties-des-heros-896x498.jpg","type":"","width":"","height":""}],"twitter_card":"summary_large_image","twitter_site":"@PsionicStormFR","schema":{"@context":"https:\/\/schema.org","@graph":[{"@type":"WebPage","@id":"https:\/\/psionic-storm.com\/fr\/hero-releases\/","url":"https:\/\/psionic-storm.com\/fr\/hero-releases\/","name":"Historique de sortie des h\u00e9ros - Psionic Storm - L&#039;actualit\u00e9 Heroes of the Storm en Fran\u00e7ais","isPartOf":{"@id":"https:\/\/psionic-storm.com\/fr\/#website"},"primaryImageOfPage":{"@id":"https:\/\/psionic-storm.com\/fr\/hero-releases\/#primaryimage"},"image":{"@id":"https:\/\/psionic-storm.com\/hero-releases\/#primaryimage"},"thumbnailUrl":"https:\/\/psionic-storm.com\/wp-content\/uploads\/psionic-storm-historique-des-sorties-des-heros-896x498.jpg","datePublished":"2016-09-22T13:55:26+00:00","dateModified":"2019-04-28T23:36:39+00:00","breadcrumb":{"@id":"https:\/\/psionic-storm.com\/fr\/hero-releases\/#breadcrumb"},"inLanguage":"fr-FR","potentialAction":[{"@type":"ReadAction","target":[["https:\/\/psionic-storm.com\/fr\/hero-releases\/"]]}]},{"@type":"ImageObject","inLanguage":"fr-FR","@id":"https:\/\/psionic-storm.com\/fr\/hero-releases\/#primaryimage","url":"https:\/\/psionic-storm.com\/wp-content\/uploads\/psionic-storm-historique-des-sorties-des-heros-896x498.jpg","contentUrl":"https:\/\/psionic-storm.com\/wp-content\/uploads\/psionic-storm-historique-des-sorties-des-heros-896x498.jpg"},{"@type":"BreadcrumbList","@id":"https:\/\/psionic-storm.com\/fr\/hero-releases\/#breadcrumb","itemListElement":[{"@type":"ListItem","position":1,"name":"Accueil","item":"https:\/\/psionic-storm.com\/fr\/"},{"@type":"ListItem","position":2,"name":"Hero releases"}]},{"@type":"WebSite","@id":"https:\/\/psionic-storm.com\/fr\/#website","url":"https:\/\/psionic-storm.com\/fr\/","name":"Psionic Storm - L&#039;actualit\u00e9 Heroes of the Storm en Fran\u00e7ais","description":"Toute l&#039;actualit\u00e9 sur le jeu Heroes of the Storm de Blizzard","publisher":{"@id":"https:\/\/psionic-storm.com\/fr\/#organization"},"potentialAction":[{"@type":"SearchAction","target":{"@type":"EntryPoint","urlTemplate":"https:\/\/psionic-storm.com\/fr\/?s={search_term_string}"},"query-input":{"@type":"PropertyValueSpecification","valueRequired":true,"valueName":"search_term_string"}}],"inLanguage":"fr-FR"},{"@type":"Organization","@id":"https:\/\/psionic-storm.com\/fr\/#organization","name":"Psionic Storm","url":"https:\/\/psionic-storm.com\/fr\/","logo":{"@type":"ImageObject","inLanguage":"fr-FR","@id":"https:\/\/psionic-storm.com\/fr\/#\/schema\/logo\/image\/","url":"https:\/\/psionic-storm.com\/wp-content\/uploads\/2015\/04\/logo.png","contentUrl":"https:\/\/psionic-storm.com\/wp-content\/uploads\/2015\/04\/logo.png","width":374,"height":158,"caption":"Psionic Storm"},"image":{"@id":"https:\/\/psionic-storm.com\/fr\/#\/schema\/logo\/image\/"},"sameAs":["https:\/\/www.facebook.com\/psionicstormfr","https:\/\/x.com\/PsionicStormFR","https:\/\/www.youtube.com\/channel\/UCqD35J5WYsEehJCjPqYXXNw"]}]}},"jetpack_sharing_enabled":true,"jetpack_shortlink":"https:\/\/wp.me\/P6YPgm-28P","jetpack-related-posts":[{"id":25747,"url":"https:\/\/psionic-storm.com\/fr\/localizations\/","url_meta":{"origin":8235,"position":0},"title":"Localisations","author":"HerrVigg","date":"mercredi 23 d\u00e9cembre 2020","format":false,"excerpt":"Psionic Storm \u00e9tend ses fonctionalit\u00e9s d'internationalisation. L'action de traduire la contenu pour une langue ou r\u00e9gion est appel\u00e9 localisation (du terme anglais \"localization\") ou r\u00e9gionalisation. Cela concerne plusieurs \u00e9l\u00e9ments: interface web g\u00e9n\u00e9rale: menus, pages, tooltips. C'est un travail de traduction. contenu des articles: la plupart des articles sont en Francais\u2026","rel":"","context":"Article similaire","block_context":{"text":"Article similaire","link":""},"img":{"alt_text":"","src":"https:\/\/i0.wp.com\/psionic-storm.com\/wp-content\/uploads\/psionic_world.jpg?resize=350%2C200&ssl=1","width":350,"height":200,"srcset":"https:\/\/i0.wp.com\/psionic-storm.com\/wp-content\/uploads\/psionic_world.jpg?resize=350%2C200&ssl=1 1x, https:\/\/i0.wp.com\/psionic-storm.com\/wp-content\/uploads\/psionic_world.jpg?resize=525%2C300&ssl=1 1.5x, https:\/\/i0.wp.com\/psionic-storm.com\/wp-content\/uploads\/psionic_world.jpg?resize=700%2C400&ssl=1 2x"},"classes":[]},{"id":14794,"url":"https:\/\/psionic-storm.com\/fr\/privacy-policy\/","url_meta":{"origin":8235,"position":1},"title":"Politique de confidentialit\u00e9","author":"HerrVigg","date":"vendredi  3 ao\u00fbt 2018","format":false,"excerpt":"Qui sommes-nous ? Psionic Storm (https:\/\/psionic-storm.com) est un fan site ind\u00e9pendant pour Heroes of the Storm (jeu Blizzard). Notre but est d'offrir les meilleurs outils et un contenu original pour la communaut\u00e9 de notre jeu favori. Utilisation des donn\u00e9es personnelles collect\u00e9es Nous prenons la protection de vos donn\u00e9es personnelles tr\u00e8s\u2026","rel":"","context":"Article similaire","block_context":{"text":"Article similaire","link":""},"img":{"alt_text":"","src":"","width":0,"height":0},"classes":[]}],"_links":{"self":[{"href":"https:\/\/psionic-storm.com\/fr\/wp-json\/wp\/v2\/pages\/8235","targetHints":{"allow":["GET"]}}],"collection":[{"href":"https:\/\/psionic-storm.com\/fr\/wp-json\/wp\/v2\/pages"}],"about":[{"href":"https:\/\/psionic-storm.com\/fr\/wp-json\/wp\/v2\/types\/page"}],"author":[{"embeddable":true,"href":"https:\/\/psionic-storm.com\/fr\/wp-json\/wp\/v2\/users\/67"}],"replies":[{"embeddable":true,"href":"https:\/\/psionic-storm.com\/fr\/wp-json\/wp\/v2\/comments?post=8235"}],"version-history":[{"count":0,"href":"https:\/\/psionic-storm.com\/fr\/wp-json\/wp\/v2\/pages\/8235\/revisions"}],"wp:attachment":[{"href":"https:\/\/psionic-storm.com\/fr\/wp-json\/wp\/v2\/media?parent=8235"}],"curies":[{"name":"wp","href":"https:\/\/api.w.org\/{rel}","templated":true}]}}