{"id":6499,"date":"2016-05-10T17:41:03","date_gmt":"2016-05-10T15:41:03","guid":{"rendered":"http:\/\/psionic-storm.com\/?page_id=6499"},"modified":"2018-10-26T13:16:13","modified_gmt":"2018-10-26T11:16:13","slug":"game-stats","status":"publish","type":"page","link":"https:\/\/psionic-storm.com\/pt\/game-stats\/","title":{"rendered":"(English) Hero stats"},"content":{"rendered":"","protected":false},"excerpt":{"rendered":"<p> <a class=\"more-link\" href=\"https:\/\/psionic-storm.com\/pt\/game-stats\/\">Read more&nbsp;&raquo;<\/a><\/p>\n","protected":false},"author":67,"featured_media":0,"parent":0,"menu_order":0,"comment_status":"closed","ping_status":"closed","template":"template-game-stats.php","meta":{"jetpack_post_was_ever_published":false,"footnotes":""},"class_list":["post-6499","page","type-page","status-publish","hentry"],"yoast_head":"<!-- This site is optimized with the Yoast SEO plugin v27.3 - https:\/\/yoast.com\/product\/yoast-seo-wordpress\/ -->\n<title>(English) Hero stats - (English) Psionic Storm - Heroes of the Storm overwhelming!<\/title>\n<meta name=\"description\" content=\"(English) Visualize hero stats in live for Hero League (HL), Team League (TL), Quickmatch (QM)\" \/>\n<meta name=\"robots\" content=\"index, follow, max-snippet:-1, max-image-preview:large, max-video-preview:-1\" \/>\n<link rel=\"canonical\" href=\"https:\/\/psionic-storm.com\/pt\/game-stats\/\" \/>\n<meta property=\"og:locale\" content=\"pt_BR\" \/>\n<meta property=\"og:type\" content=\"article\" \/>\n<meta property=\"og:title\" content=\"Classement des h\u00e9ros\" \/>\n<meta property=\"og:description\" content=\"Les statistiques concernent la moyenne en Hero League tous niveaux de joueurs confondus de HOTS Logs* sur une p\u00e9riode de 7 jours glissants. Nous pr\u00e9sentons des donn\u00e9es reguli\u00e8rement mises \u00e0 jour dans un tableau enrichi. Survolez les filtres et les colonnes pour avoir une description.\" \/>\n<meta property=\"og:url\" content=\"https:\/\/psionic-storm.com\/pt\/game-stats\/\" \/>\n<meta property=\"og:site_name\" content=\"(English) Psionic Storm - Heroes of the Storm overwhelming!\" \/>\n<meta property=\"article:publisher\" content=\"https:\/\/www.facebook.com\/psionicstormfr\" \/>\n<meta property=\"article:modified_time\" content=\"2018-10-26T11:16:13+00:00\" \/>\n<meta property=\"og:image\" content=\"https:\/\/psionic-storm.com\/wp-content\/uploads\/psionic-storm-classement-des-heros.jpg\" \/>\n\t<meta property=\"og:image:width\" content=\"900\" \/>\n\t<meta property=\"og:image:height\" content=\"500\" \/>\n\t<meta property=\"og:image:type\" content=\"image\/jpeg\" \/>\n<meta name=\"twitter:card\" content=\"summary_large_image\" \/>\n<meta name=\"twitter:title\" content=\"Classement des h\u00e9ros\" \/>\n<meta name=\"twitter:description\" content=\"Les statistiques concernent la moyenne en Hero League tous niveaux de joueurs confondus de HOTS Logs* sur une p\u00e9riode de 7 jours glissants. Nous pr\u00e9sentons des donn\u00e9es reguli\u00e8rement mises \u00e0 jour dans un tableau enrichi. Survolez les filtres et les colonnes pour avoir une description.\" \/>\n<meta name=\"twitter:image\" content=\"https:\/\/psionic-storm.com\/wp-content\/uploads\/psionic-storm-classement-des-heros.jpg\" \/>\n<meta name=\"twitter:site\" content=\"@PsionicStormFR\" \/>\n<script type=\"application\/ld+json\" class=\"yoast-schema-graph\">{\"@context\":\"https:\\\/\\\/schema.org\",\"@graph\":[{\"@type\":\"WebPage\",\"@id\":\"https:\\\/\\\/psionic-storm.com\\\/pt\\\/game-stats\\\/\",\"url\":\"https:\\\/\\\/psionic-storm.com\\\/pt\\\/game-stats\\\/\",\"name\":\"(English) Hero stats - (English) Psionic Storm - Heroes of the Storm overwhelming!\",\"isPartOf\":{\"@id\":\"https:\\\/\\\/psionic-storm.com\\\/pt\\\/#website\"},\"datePublished\":\"2016-05-10T15:41:03+00:00\",\"dateModified\":\"2018-10-26T11:16:13+00:00\",\"description\":\"(English) Visualize hero stats in live for Hero League (HL), Team League (TL), Quickmatch (QM)\",\"breadcrumb\":{\"@id\":\"https:\\\/\\\/psionic-storm.com\\\/pt\\\/game-stats\\\/#breadcrumb\"},\"inLanguage\":\"pt-BR\",\"potentialAction\":[{\"@type\":\"ReadAction\",\"target\":[[\"https:\\\/\\\/psionic-storm.com\\\/pt\\\/game-stats\\\/\"]]}]},{\"@type\":\"BreadcrumbList\",\"@id\":\"https:\\\/\\\/psionic-storm.com\\\/pt\\\/game-stats\\\/#breadcrumb\",\"itemListElement\":[{\"@type\":\"ListItem\",\"position\":1,\"name\":\"Accueil\",\"item\":\"https:\\\/\\\/psionic-storm.com\\\/pt\\\/\"},{\"@type\":\"ListItem\",\"position\":2,\"name\":\"Hero stats\"}]},{\"@type\":\"WebSite\",\"@id\":\"https:\\\/\\\/psionic-storm.com\\\/pt\\\/#website\",\"url\":\"https:\\\/\\\/psionic-storm.com\\\/pt\\\/\",\"name\":\"(English) Psionic Storm - Heroes of the Storm overwhelming!\",\"description\":\"(English) Talents, builds and stats for Heroes of the Storm by Blizzard\",\"publisher\":{\"@id\":\"https:\\\/\\\/psionic-storm.com\\\/pt\\\/#organization\"},\"potentialAction\":[{\"@type\":\"SearchAction\",\"target\":{\"@type\":\"EntryPoint\",\"urlTemplate\":\"https:\\\/\\\/psionic-storm.com\\\/pt\\\/?s={search_term_string}\"},\"query-input\":{\"@type\":\"PropertyValueSpecification\",\"valueRequired\":true,\"valueName\":\"search_term_string\"}}],\"inLanguage\":\"pt-BR\"},{\"@type\":\"Organization\",\"@id\":\"https:\\\/\\\/psionic-storm.com\\\/pt\\\/#organization\",\"name\":\"Psionic Storm\",\"url\":\"https:\\\/\\\/psionic-storm.com\\\/pt\\\/\",\"logo\":{\"@type\":\"ImageObject\",\"inLanguage\":\"pt-BR\",\"@id\":\"https:\\\/\\\/psionic-storm.com\\\/pt\\\/#\\\/schema\\\/logo\\\/image\\\/\",\"url\":\"https:\\\/\\\/psionic-storm.com\\\/wp-content\\\/uploads\\\/2015\\\/04\\\/logo.png\",\"contentUrl\":\"https:\\\/\\\/psionic-storm.com\\\/wp-content\\\/uploads\\\/2015\\\/04\\\/logo.png\",\"width\":374,\"height\":158,\"caption\":\"Psionic Storm\"},\"image\":{\"@id\":\"https:\\\/\\\/psionic-storm.com\\\/pt\\\/#\\\/schema\\\/logo\\\/image\\\/\"},\"sameAs\":[\"https:\\\/\\\/www.facebook.com\\\/psionicstormfr\",\"https:\\\/\\\/x.com\\\/PsionicStormFR\",\"https:\\\/\\\/www.youtube.com\\\/channel\\\/UCqD35J5WYsEehJCjPqYXXNw\"]}]}<\/script>\n<!-- \/ Yoast SEO plugin. -->","yoast_head_json":{"title":"(English) Hero stats - (English) Psionic Storm - Heroes of the Storm overwhelming!","description":"(English) Visualize hero stats in live for Hero League (HL), Team League (TL), Quickmatch (QM)","robots":{"index":"index","follow":"follow","max-snippet":"max-snippet:-1","max-image-preview":"max-image-preview:large","max-video-preview":"max-video-preview:-1"},"canonical":"https:\/\/psionic-storm.com\/pt\/game-stats\/","og_locale":"pt_BR","og_type":"article","og_title":"Classement des h\u00e9ros","og_description":"Les statistiques concernent la moyenne en Hero League tous niveaux de joueurs confondus de HOTS Logs* sur une p\u00e9riode de 7 jours glissants. Nous pr\u00e9sentons des donn\u00e9es reguli\u00e8rement mises \u00e0 jour dans un tableau enrichi. Survolez les filtres et les colonnes pour avoir une description.","og_url":"https:\/\/psionic-storm.com\/pt\/game-stats\/","og_site_name":"(English) Psionic Storm - Heroes of the Storm overwhelming!","article_publisher":"https:\/\/www.facebook.com\/psionicstormfr","article_modified_time":"2018-10-26T11:16:13+00:00","og_image":[{"width":900,"height":500,"url":"https:\/\/psionic-storm.com\/wp-content\/uploads\/psionic-storm-classement-des-heros.jpg","type":"image\/jpeg"}],"twitter_card":"summary_large_image","twitter_title":"Classement des h\u00e9ros","twitter_description":"Les statistiques concernent la moyenne en Hero League tous niveaux de joueurs confondus de HOTS Logs* sur une p\u00e9riode de 7 jours glissants. Nous pr\u00e9sentons des donn\u00e9es reguli\u00e8rement mises \u00e0 jour dans un tableau enrichi. Survolez les filtres et les colonnes pour avoir une description.","twitter_image":"https:\/\/psionic-storm.com\/wp-content\/uploads\/psionic-storm-classement-des-heros.jpg","twitter_site":"@PsionicStormFR","schema":{"@context":"https:\/\/schema.org","@graph":[{"@type":"WebPage","@id":"https:\/\/psionic-storm.com\/pt\/game-stats\/","url":"https:\/\/psionic-storm.com\/pt\/game-stats\/","name":"(English) Hero stats - (English) Psionic Storm - Heroes of the Storm overwhelming!","isPartOf":{"@id":"https:\/\/psionic-storm.com\/pt\/#website"},"datePublished":"2016-05-10T15:41:03+00:00","dateModified":"2018-10-26T11:16:13+00:00","description":"(English) Visualize hero stats in live for Hero League (HL), Team League (TL), Quickmatch (QM)","breadcrumb":{"@id":"https:\/\/psionic-storm.com\/pt\/game-stats\/#breadcrumb"},"inLanguage":"pt-BR","potentialAction":[{"@type":"ReadAction","target":[["https:\/\/psionic-storm.com\/pt\/game-stats\/"]]}]},{"@type":"BreadcrumbList","@id":"https:\/\/psionic-storm.com\/pt\/game-stats\/#breadcrumb","itemListElement":[{"@type":"ListItem","position":1,"name":"Accueil","item":"https:\/\/psionic-storm.com\/pt\/"},{"@type":"ListItem","position":2,"name":"Hero stats"}]},{"@type":"WebSite","@id":"https:\/\/psionic-storm.com\/pt\/#website","url":"https:\/\/psionic-storm.com\/pt\/","name":"(English) Psionic Storm - Heroes of the Storm overwhelming!","description":"(English) Talents, builds and stats for Heroes of the Storm by Blizzard","publisher":{"@id":"https:\/\/psionic-storm.com\/pt\/#organization"},"potentialAction":[{"@type":"SearchAction","target":{"@type":"EntryPoint","urlTemplate":"https:\/\/psionic-storm.com\/pt\/?s={search_term_string}"},"query-input":{"@type":"PropertyValueSpecification","valueRequired":true,"valueName":"search_term_string"}}],"inLanguage":"pt-BR"},{"@type":"Organization","@id":"https:\/\/psionic-storm.com\/pt\/#organization","name":"Psionic Storm","url":"https:\/\/psionic-storm.com\/pt\/","logo":{"@type":"ImageObject","inLanguage":"pt-BR","@id":"https:\/\/psionic-storm.com\/pt\/#\/schema\/logo\/image\/","url":"https:\/\/psionic-storm.com\/wp-content\/uploads\/2015\/04\/logo.png","contentUrl":"https:\/\/psionic-storm.com\/wp-content\/uploads\/2015\/04\/logo.png","width":374,"height":158,"caption":"Psionic Storm"},"image":{"@id":"https:\/\/psionic-storm.com\/pt\/#\/schema\/logo\/image\/"},"sameAs":["https:\/\/www.facebook.com\/psionicstormfr","https:\/\/x.com\/PsionicStormFR","https:\/\/www.youtube.com\/channel\/UCqD35J5WYsEehJCjPqYXXNw"]}]}},"jetpack_sharing_enabled":true,"jetpack_shortlink":"https:\/\/wp.me\/P6YPgm-1GP","jetpack-related-posts":[{"id":25747,"url":"https:\/\/psionic-storm.com\/pt\/localizations\/","url_meta":{"origin":6499,"position":0},"title":"(English) Localizations","author":"HerrVigg","date":"23 de dezembro de 2020","format":false,"excerpt":"Desculpe-nos, mas este texto est\u00e1 apenas dispon\u00edvel em English y Fran\u00e7ais.Psionic Storm is extending its features for internationalization. The process of translating the content for a given language and region is called localization. This concerns different items: general web interface: menus, pages, tooltips. Work of translation. articles content: most of\u2026","rel":"","context":"Post similar","block_context":{"text":"Post similar","link":""},"img":{"alt_text":"","src":"https:\/\/i0.wp.com\/psionic-storm.com\/wp-content\/uploads\/psionic_world.jpg?resize=350%2C200&ssl=1","width":350,"height":200,"srcset":"https:\/\/i0.wp.com\/psionic-storm.com\/wp-content\/uploads\/psionic_world.jpg?resize=350%2C200&ssl=1 1x, https:\/\/i0.wp.com\/psionic-storm.com\/wp-content\/uploads\/psionic_world.jpg?resize=525%2C300&ssl=1 1.5x, https:\/\/i0.wp.com\/psionic-storm.com\/wp-content\/uploads\/psionic_world.jpg?resize=700%2C400&ssl=1 2x"},"classes":[]},{"id":14794,"url":"https:\/\/psionic-storm.com\/pt\/privacy-policy\/","url_meta":{"origin":6499,"position":1},"title":"(English) Privacy Policy","author":"HerrVigg","date":"03 de agosto de 2018","format":false,"excerpt":"Desculpe-nos, mas este texto est\u00e1 apenas dispon\u00edvel em English y Fran\u00e7ais.Who we are Psionic Storm (https:\/\/psionic-storm.com) is an independent fan site for Heroes of the Storm (Blizzard game). Our goal is to offer the best tools and original content for the community of our favorite game. What personal data we\u2026","rel":"","context":"Post similar","block_context":{"text":"Post similar","link":""},"img":{"alt_text":"","src":"","width":0,"height":0},"classes":[]}],"_links":{"self":[{"href":"https:\/\/psionic-storm.com\/pt\/wp-json\/wp\/v2\/pages\/6499","targetHints":{"allow":["GET"]}}],"collection":[{"href":"https:\/\/psionic-storm.com\/pt\/wp-json\/wp\/v2\/pages"}],"about":[{"href":"https:\/\/psionic-storm.com\/pt\/wp-json\/wp\/v2\/types\/page"}],"author":[{"embeddable":true,"href":"https:\/\/psionic-storm.com\/pt\/wp-json\/wp\/v2\/users\/67"}],"replies":[{"embeddable":true,"href":"https:\/\/psionic-storm.com\/pt\/wp-json\/wp\/v2\/comments?post=6499"}],"version-history":[{"count":0,"href":"https:\/\/psionic-storm.com\/pt\/wp-json\/wp\/v2\/pages\/6499\/revisions"}],"wp:attachment":[{"href":"https:\/\/psionic-storm.com\/pt\/wp-json\/wp\/v2\/media?parent=6499"}],"curies":[{"name":"wp","href":"https:\/\/api.w.org\/{rel}","templated":true}]}}